{"id":2820,"date":"2017-04-26T13:43:41","date_gmt":"2017-04-26T13:43:41","guid":{"rendered":"https:\/\/dinfante.com\/kontakt\/"},"modified":"2025-07-08T17:18:50","modified_gmt":"2025-07-08T17:18:50","slug":"kontakt","status":"publish","type":"page","link":"https:\/\/dinfante.com\/de\/kontakt\/","title":{"rendered":"Kontakt"},"content":{"rendered":"<p>[vc_row css=&#8220;.vc_custom_1612358630914{margin-bottom: 0px !important;padding-bottom: 0px !important;}&#8220;][vc_column]\n\t<div class=\"title-subtitle-box   \" style=\" text-align: center;\">\n\t\t<h1 style=\" text-transform: uppercase; font-weight: 400; letter-spacing: 0px;\" >FORMULARIO DE CONTACTO<\/h1>\n\t\t<hr class=\"has-bottomline\"  \/>\n\t<\/div> [vc_column_text]<\/p>\n<p style=\"text-align: center;\">Haben Sie Fragen oder Anmerkungen? Wir w\u00fcrden uns freuen, von Ihnen zu h\u00f6ren! Bei Bodegas Infante sind wir bestrebt, Ihnen den besten Service zu bieten.<\/p>\n<p style=\"text-align: center;\">Sie k\u00f6nnen das untenstehende Kontaktformular ausf\u00fcllen. Wir sind auch telefonisch unter 959 402 567 erreichbar.<\/p>\n<p>[\/vc_column_text][\/vc_column][\/vc_row][vc_row][vc_column width=&#8220;1\/6&#8243;][\/vc_column][vc_column width=&#8220;2\/3&#8243;]\n\t<div class=\"title-subtitle-box   \" style=\" text-align: center;\">\n\t\t<h3 style=\" color:#f1cd7f;  text-transform: uppercase; font-weight: 400; letter-spacing: 0px;\" >\u00a1Cont\u00e1ctanos!<\/h3>\n\t<\/div> \n<div class=\"wpcf7 no-js\" id=\"wpcf7-f3292-o1\" lang=\"de-DE\" dir=\"ltr\" data-wpcf7-id=\"3292\">\n<div class=\"screen-reader-response\"><p role=\"status\" aria-live=\"polite\" aria-atomic=\"true\"><\/p> <ul><\/ul><\/div>\n<form action=\"\/de\/wp-json\/wp\/v2\/pages\/2820#wpcf7-f3292-o1\" method=\"post\" class=\"wpcf7-form init\" aria-label=\"Kontaktformular\" novalidate=\"novalidate\" data-status=\"init\">\n<fieldset class=\"hidden-fields-container\"><input type=\"hidden\" name=\"_wpcf7\" value=\"3292\" \/><input type=\"hidden\" name=\"_wpcf7_version\" value=\"6.1.5\" \/><input type=\"hidden\" name=\"_wpcf7_locale\" value=\"de_DE\" \/><input type=\"hidden\" name=\"_wpcf7_unit_tag\" value=\"wpcf7-f3292-o1\" \/><input type=\"hidden\" name=\"_wpcf7_container_post\" value=\"0\" \/><input type=\"hidden\" name=\"_wpcf7_posted_data_hash\" value=\"\" \/><input type=\"hidden\" name=\"_wpcf7_recaptcha_response\" value=\"\" \/>\n<\/fieldset>\n<div class=\"formulario\">\n\t<p><label> Name<br \/>\n<span class=\"wpcf7-form-control-wrap\" data-name=\"your-name\"><input size=\"40\" maxlength=\"400\" class=\"wpcf7-form-control wpcf7-text wpcf7-validates-as-required\" aria-required=\"true\" aria-invalid=\"false\" value=\"\" type=\"text\" name=\"your-name\" \/><\/span> <\/label>\n\t<\/p>\n\t<p><label> E-Mail<br \/>\n<span class=\"wpcf7-form-control-wrap\" data-name=\"your-email\"><input size=\"40\" maxlength=\"400\" class=\"wpcf7-form-control wpcf7-email wpcf7-validates-as-required wpcf7-text wpcf7-validates-as-email\" aria-required=\"true\" aria-invalid=\"false\" value=\"\" type=\"email\" name=\"your-email\" \/><\/span> <\/label>\n\t<\/p>\n\t<p><label> Telefon<br \/>\n<span class=\"wpcf7-form-control-wrap\" data-name=\"your-phone\"><input size=\"40\" maxlength=\"400\" class=\"wpcf7-form-control wpcf7-tel wpcf7-text wpcf7-validates-as-tel\" aria-invalid=\"false\" value=\"\" type=\"tel\" name=\"your-phone\" \/><\/span> <\/label>\n\t<\/p>\n\t<p><label> Betreff<br \/>\n<span class=\"wpcf7-form-control-wrap\" data-name=\"your-subject\"><input size=\"40\" maxlength=\"400\" class=\"wpcf7-form-control wpcf7-text wpcf7-validates-as-required\" aria-required=\"true\" aria-invalid=\"false\" value=\"\" type=\"text\" name=\"your-subject\" \/><\/span> <\/label>\n\t<\/p>\n\t<p><label> Nachricht (optional)<br \/>\n<span class=\"wpcf7-form-control-wrap\" data-name=\"your-message\"><textarea cols=\"40\" rows=\"10\" maxlength=\"2000\" class=\"wpcf7-form-control wpcf7-textarea\" aria-invalid=\"false\" name=\"your-message\"><\/textarea><\/span> <\/label><br \/>\n<span class=\"wpcf7-form-control-wrap\" data-name=\"acceptance-461\"><span class=\"wpcf7-form-control wpcf7-acceptance\"><span class=\"wpcf7-list-item\"><label><input type=\"checkbox\" name=\"acceptance-461\" value=\"1\" aria-invalid=\"false\" \/><span class=\"wpcf7-list-item-label\">Markieren Sie hier, um anzugeben, dass Sie die Bedingungen der <a href=\"\/politica-privacidad\/\">Datenschutzrichtlinie<\/a> gelesen haben und damit einverstanden sind.<\/span><\/label><\/span><\/span><\/span>\n\t<\/p>\n\t<p><span class=\"boton_formulario\"><input class=\"wpcf7-form-control wpcf7-submit has-spinner\" type=\"submit\" value=\"Senden\" \/><\/span>\n\t<\/p>\n<\/div><div class=\"wpcf7-response-output\" aria-hidden=\"true\"><\/div>\n<\/form>\n<\/div>\n[\/vc_column][vc_column width=&#8220;1\/6&#8243;][\/vc_column][\/vc_row][vc_row full_width=&#8220;stretch_row&#8220;][vc_column width=&#8220;1\/3&#8243;]\n\t<div class=\"featured-icon-box   align-center vc_custom_1727431786276\">\n\t<div class=\"vc_icon_element vc_icon_element-outer vc_icon_element-align-center\">\n\t<div class=\"vc_icon_element-inner vc_icon_element-size-md\">\n\t<span class=\"vc_icon_element-icon fas fa-map-marker-alt\" ><\/span>\n\t<\/div><\/div>\n\t<h3  >Localizaci\u00f3n<\/h3>\n\t<div class=\"clearfix\"><\/div><div class=\"featured-icon-desc\" >Carretera A 493 KM 1,5 La Palma del Condado Huelva \u2013 Spain<\/div>\n\t<\/div>[\/vc_column][vc_column width=&#8220;1\/3&#8243;]\n\t<div class=\"featured-icon-box   align-center vc_custom_1610464224090\">\n\t<div class=\"vc_icon_element vc_icon_element-outer vc_icon_element-align-center\">\n\t<div class=\"vc_icon_element-inner vc_icon_element-size-md\">\n\t<span class=\"vc_icon_element-icon fas fa-phone-alt\" ><\/span>\n\t<\/div><\/div>\n\t<h3  >Tel\u00e9fono<\/h3>\n\t<div class=\"clearfix\"><\/div><div class=\"featured-icon-desc\" >(+34) 959 402 567 (+34) 652 822 502 .<\/div>\n\t<\/div>[\/vc_column][vc_column width=&#8220;1\/3&#8243;]\n\t<div class=\"featured-icon-box   align-center vc_custom_1695114551393\">\n\t<div class=\"vc_icon_element vc_icon_element-outer vc_icon_element-align-center\">\n\t<div class=\"vc_icon_element-inner vc_icon_element-size-md\">\n\t<span class=\"vc_icon_element-icon fas fa-share-alt\" ><\/span>\n\t<a class=\"vc_icon_element-link\" href=\"https:\/\/www.facebook.com\/BodegasInfante\/?locale=es_ES\" title=\"facebook\" target=\"_blank\"><\/a>\n\t<\/div><\/div>\n\t<h3 ><a  href=\"https:\/\/www.facebook.com\/BodegasInfante\/?locale=es_ES\" title=\"facebook\" target=\"_blank\">Redes Sociales<\/a><\/h3>\n\t<div class=\"clearfix\"><\/div><div class=\"featured-icon-desc\" >Facebook Instagram<\/div>\n\t<\/div>[\/vc_column][\/vc_row][vc_row el_class=&#8220;cont_noresp&#8220; css=&#8220;.vc_custom_1686833440359{margin-bottom: 0px !important;padding-top: 70px !important;padding-bottom: 0px !important;}&#8220;][vc_column][vc_single_image image=&#8220;2036&#8243; img_size=&#8220;full&#8220; alignment=&#8220;center&#8220; css_animation=&#8220;none&#8220;]\n\t<div class=\"title-subtitle-box  wpb_animate_when_almost_visible wpb_fadeIn fadeIn vc_custom_1686832014268 \" style=\" text-align: center;\">\n\t\t<h4 style=\" font-size:21px; line-height: normal; color:#f1cd7f;  text-transform: uppercase; font-weight: 400; letter-spacing: 0px;\" >apoyamos la cultura de calidad<\/h4>\n\t<\/div> [vc_row_inner][vc_column_inner width=&#8220;1\/6&#8243;][\/vc_column_inner][vc_column_inner width=&#8220;2\/6&#8243;][vc_single_image image=&#8220;2042&#8243; img_size=&#8220;full&#8220; alignment=&#8220;center&#8220; onclick=&#8220;custom_link&#8220; img_link_target=&#8220;_blank&#8220; css_animation=&#8220;fadeInUp&#8220; link=&#8220;https:\/\/www.newurium.com&#8220;][\/vc_column_inner][vc_column_inner width=&#8220;2\/6&#8243;][vc_single_image image=&#8220;2043&#8243; img_size=&#8220;full&#8220; alignment=&#8220;center&#8220; css_animation=&#8220;fadeInUp&#8220;][\/vc_column_inner][vc_column_inner width=&#8220;1\/6&#8243;][\/vc_column_inner][\/vc_row_inner][vc_single_image image=&#8220;2037&#8243; img_size=&#8220;full&#8220; alignment=&#8220;center&#8220; css_animation=&#8220;none&#8220; css=&#8220;.vc_custom_1686832962313{margin-bottom: 0px !important;}&#8220;][\/vc_column][\/vc_row][vc_row el_class=&#8220;cont_resp&#8220; css=&#8220;.vc_custom_1686833449976{margin-bottom: 0px !important;padding-top: 70px !important;padding-bottom: 0px !important;}&#8220;][vc_column][vc_single_image image=&#8220;2046&#8243; img_size=&#8220;full&#8220; alignment=&#8220;center&#8220; css_animation=&#8220;none&#8220;]\n\t<div class=\"title-subtitle-box  wpb_animate_when_almost_visible wpb_fadeIn fadeIn vc_custom_1686832014268 \" style=\" text-align: center;\">\n\t\t<h4 style=\" font-size:21px; line-height: normal; color:#f1cd7f;  text-transform: uppercase; font-weight: 400; letter-spacing: 0px;\" >apoyamos la cultura de calidad<\/h4>\n\t<\/div> [vc_row_inner css=&#8220;.vc_custom_1686846556833{padding-right: 10% !important;padding-left: 10% !important;}&#8220;][vc_column_inner width=&#8220;1\/6&#8243;][\/vc_column_inner][vc_column_inner width=&#8220;2\/6&#8243;][vc_single_image image=&#8220;2042&#8243; img_size=&#8220;full&#8220; alignment=&#8220;center&#8220; onclick=&#8220;custom_link&#8220; img_link_target=&#8220;_blank&#8220; css_animation=&#8220;fadeInUp&#8220; link=&#8220;https:\/\/www.newurium.com&#8220;][\/vc_column_inner][vc_column_inner width=&#8220;2\/6&#8243;][vc_single_image image=&#8220;2043&#8243; img_size=&#8220;full&#8220; alignment=&#8220;center&#8220; css_animation=&#8220;fadeInUp&#8220;][\/vc_column_inner][vc_column_inner width=&#8220;1\/6&#8243;][\/vc_column_inner][\/vc_row_inner][vc_single_image image=&#8220;2047&#8243; img_size=&#8220;full&#8220; alignment=&#8220;center&#8220; css_animation=&#8220;none&#8220; css=&#8220;.vc_custom_1686832972067{margin-bottom: 0px !important;}&#8220;][\/vc_column][\/vc_row]<\/p>\n","protected":false},"excerpt":{"rendered":"<p>[vc_row css=&#8220;.vc_custom_1612358630914{margin-bottom: 0px !important;padding-bottom: 0px !important;}&#8220;][vc_column][vc_column_text] Haben Sie Fragen oder Anmerkungen? Wir w\u00fcrden uns freuen, von Ihnen zu h\u00f6ren! Bei Bodegas Infante sind wir bestrebt, Ihnen den besten Service zu bieten. Sie k\u00f6nnen das untenstehende Kontaktformular ausf\u00fcllen. Wir sind auch telefonisch unter 959 402 567 erreichbar. [\/vc_column_text][\/vc_column][\/vc_row][vc_row][vc_column width=&#8220;1\/6&#8243;][\/vc_column][vc_column width=&#8220;2\/3&#8243;][\/vc_column][vc_column width=&#8220;1\/6&#8243;][\/vc_column][\/vc_row][vc_row full_width=&#8220;stretch_row&#8220;][vc_column width=&#8220;1\/3&#8243;][\/vc_column][vc_column width=&#8220;1\/3&#8243;][\/vc_column][vc_column width=&#8220;1\/3&#8243;][\/vc_column][\/vc_row][vc_row el_class=&#8220;cont_noresp&#8220;<br class=\"read-more-spacer\"> <a class=\"more-link\" href=\"https:\/\/dinfante.com\/de\/kontakt\/\">Read More<\/a><\/p>\n","protected":false},"author":1,"featured_media":2823,"parent":0,"menu_order":0,"comment_status":"closed","ping_status":"closed","template":"theme-templates\/contact.php","meta":{"footnotes":""},"class_list":["post-2820","page","type-page","status-publish","has-post-thumbnail","hentry"],"acf":[],"yoast_head":"<!-- This site is optimized with the Yoast SEO plugin v27.1.1 - https:\/\/yoast.com\/product\/yoast-seo-wordpress\/ -->\n<title>Kontakt: Wir freuen uns auf Sie!<\/title>\n<meta name=\"description\" content=\"F\u00fcllen Sie das Kontaktformular aus und wir beantworten alle Ihre Fragen. Wir m\u00f6chten Ihnen die beste Erfahrung bieten.\" \/>\n<meta name=\"robots\" content=\"index, follow, max-snippet:-1, max-image-preview:large, max-video-preview:-1\" \/>\n<link rel=\"canonical\" href=\"https:\/\/dinfante.com\/de\/kontakt\/\" \/>\n<meta property=\"og:locale\" content=\"de_DE\" \/>\n<meta property=\"og:type\" content=\"article\" \/>\n<meta property=\"og:title\" content=\"Kontakt: Wir freuen uns auf Sie!\" \/>\n<meta property=\"og:description\" content=\"F\u00fcllen Sie das Kontaktformular aus und wir beantworten alle Ihre Fragen. Wir m\u00f6chten Ihnen die beste Erfahrung bieten.\" \/>\n<meta property=\"og:url\" content=\"https:\/\/dinfante.com\/de\/kontakt\/\" \/>\n<meta property=\"og:site_name\" content=\"Bodegas Infante\" \/>\n<meta property=\"article:modified_time\" content=\"2025-07-08T17:18:50+00:00\" \/>\n<meta property=\"og:image\" content=\"https:\/\/dinfante.com\/wp-content\/uploads\/2024\/09\/Bodega-Infante-Interior-Nueva2-1.webp\" \/>\n\t<meta property=\"og:image:width\" content=\"2141\" \/>\n\t<meta property=\"og:image:height\" content=\"573\" \/>\n\t<meta property=\"og:image:type\" content=\"image\/webp\" \/>\n<meta name=\"twitter:card\" content=\"summary_large_image\" \/>\n<meta name=\"twitter:label1\" content=\"Gesch\u00e4tzte Lesezeit\" \/>\n\t<meta name=\"twitter:data1\" content=\"3\u00a0Minuten\" \/>\n<script type=\"application\/ld+json\" class=\"yoast-schema-graph\">{\"@context\":\"https:\/\/schema.org\",\"@graph\":[{\"@type\":\"WebPage\",\"@id\":\"https:\/\/dinfante.com\/de\/kontakt\/\",\"url\":\"https:\/\/dinfante.com\/de\/kontakt\/\",\"name\":\"Kontakt: Wir freuen uns auf Sie!\",\"isPartOf\":{\"@id\":\"https:\/\/dinfante.com\/de\/#website\"},\"primaryImageOfPage\":{\"@id\":\"https:\/\/dinfante.com\/de\/kontakt\/#primaryimage\"},\"image\":{\"@id\":\"https:\/\/dinfante.com\/de\/kontakt\/#primaryimage\"},\"thumbnailUrl\":\"https:\/\/dinfante.com\/wp-content\/uploads\/2024\/09\/Bodega-Infante-Interior-Nueva2-1.webp\",\"datePublished\":\"2017-04-26T13:43:41+00:00\",\"dateModified\":\"2025-07-08T17:18:50+00:00\",\"description\":\"F\u00fcllen Sie das Kontaktformular aus und wir beantworten alle Ihre Fragen. Wir m\u00f6chten Ihnen die beste Erfahrung bieten.\",\"breadcrumb\":{\"@id\":\"https:\/\/dinfante.com\/de\/kontakt\/#breadcrumb\"},\"inLanguage\":\"de\",\"potentialAction\":[{\"@type\":\"ReadAction\",\"target\":[\"https:\/\/dinfante.com\/de\/kontakt\/\"]}]},{\"@type\":\"ImageObject\",\"inLanguage\":\"de\",\"@id\":\"https:\/\/dinfante.com\/de\/kontakt\/#primaryimage\",\"url\":\"https:\/\/dinfante.com\/wp-content\/uploads\/2024\/09\/Bodega-Infante-Interior-Nueva2-1.webp\",\"contentUrl\":\"https:\/\/dinfante.com\/wp-content\/uploads\/2024\/09\/Bodega-Infante-Interior-Nueva2-1.webp\",\"width\":2141,\"height\":573},{\"@type\":\"BreadcrumbList\",\"@id\":\"https:\/\/dinfante.com\/de\/kontakt\/#breadcrumb\",\"itemListElement\":[{\"@type\":\"ListItem\",\"position\":1,\"name\":\"Portada\",\"item\":\"https:\/\/dinfante.com\/de\/\"},{\"@type\":\"ListItem\",\"position\":2,\"name\":\"Kontakt\"}]},{\"@type\":\"WebSite\",\"@id\":\"https:\/\/dinfante.com\/de\/#website\",\"url\":\"https:\/\/dinfante.com\/de\/\",\"name\":\"Bodegas Infante\",\"description\":\"Artesanos del Brandy y vinos\",\"publisher\":{\"@id\":\"https:\/\/dinfante.com\/de\/#organization\"},\"potentialAction\":[{\"@type\":\"SearchAction\",\"target\":{\"@type\":\"EntryPoint\",\"urlTemplate\":\"https:\/\/dinfante.com\/de\/?s={search_term_string}\"},\"query-input\":{\"@type\":\"PropertyValueSpecification\",\"valueRequired\":true,\"valueName\":\"search_term_string\"}}],\"inLanguage\":\"de\"},{\"@type\":\"Organization\",\"@id\":\"https:\/\/dinfante.com\/de\/#organization\",\"name\":\"Bodegas Infante\",\"url\":\"https:\/\/dinfante.com\/de\/\",\"logo\":{\"@type\":\"ImageObject\",\"inLanguage\":\"de\",\"@id\":\"https:\/\/dinfante.com\/de\/#\/schema\/logo\/image\/\",\"url\":\"https:\/\/dinfante.com\/wp-content\/uploads\/2021\/04\/cabecera_tienda.jpg\",\"contentUrl\":\"https:\/\/dinfante.com\/wp-content\/uploads\/2021\/04\/cabecera_tienda.jpg\",\"width\":600,\"height\":151,\"caption\":\"Bodegas Infante\"},\"image\":{\"@id\":\"https:\/\/dinfante.com\/de\/#\/schema\/logo\/image\/\"}}]}<\/script>\n<!-- \/ Yoast SEO plugin. -->","yoast_head_json":{"title":"Kontakt: Wir freuen uns auf Sie!","description":"F\u00fcllen Sie das Kontaktformular aus und wir beantworten alle Ihre Fragen. Wir m\u00f6chten Ihnen die beste Erfahrung bieten.","robots":{"index":"index","follow":"follow","max-snippet":"max-snippet:-1","max-image-preview":"max-image-preview:large","max-video-preview":"max-video-preview:-1"},"canonical":"https:\/\/dinfante.com\/de\/kontakt\/","og_locale":"de_DE","og_type":"article","og_title":"Kontakt: Wir freuen uns auf Sie!","og_description":"F\u00fcllen Sie das Kontaktformular aus und wir beantworten alle Ihre Fragen. Wir m\u00f6chten Ihnen die beste Erfahrung bieten.","og_url":"https:\/\/dinfante.com\/de\/kontakt\/","og_site_name":"Bodegas Infante","article_modified_time":"2025-07-08T17:18:50+00:00","og_image":[{"width":2141,"height":573,"url":"https:\/\/dinfante.com\/wp-content\/uploads\/2024\/09\/Bodega-Infante-Interior-Nueva2-1.webp","type":"image\/webp"}],"twitter_card":"summary_large_image","twitter_misc":{"Gesch\u00e4tzte Lesezeit":"3\u00a0Minuten"},"schema":{"@context":"https:\/\/schema.org","@graph":[{"@type":"WebPage","@id":"https:\/\/dinfante.com\/de\/kontakt\/","url":"https:\/\/dinfante.com\/de\/kontakt\/","name":"Kontakt: Wir freuen uns auf Sie!","isPartOf":{"@id":"https:\/\/dinfante.com\/de\/#website"},"primaryImageOfPage":{"@id":"https:\/\/dinfante.com\/de\/kontakt\/#primaryimage"},"image":{"@id":"https:\/\/dinfante.com\/de\/kontakt\/#primaryimage"},"thumbnailUrl":"https:\/\/dinfante.com\/wp-content\/uploads\/2024\/09\/Bodega-Infante-Interior-Nueva2-1.webp","datePublished":"2017-04-26T13:43:41+00:00","dateModified":"2025-07-08T17:18:50+00:00","description":"F\u00fcllen Sie das Kontaktformular aus und wir beantworten alle Ihre Fragen. Wir m\u00f6chten Ihnen die beste Erfahrung bieten.","breadcrumb":{"@id":"https:\/\/dinfante.com\/de\/kontakt\/#breadcrumb"},"inLanguage":"de","potentialAction":[{"@type":"ReadAction","target":["https:\/\/dinfante.com\/de\/kontakt\/"]}]},{"@type":"ImageObject","inLanguage":"de","@id":"https:\/\/dinfante.com\/de\/kontakt\/#primaryimage","url":"https:\/\/dinfante.com\/wp-content\/uploads\/2024\/09\/Bodega-Infante-Interior-Nueva2-1.webp","contentUrl":"https:\/\/dinfante.com\/wp-content\/uploads\/2024\/09\/Bodega-Infante-Interior-Nueva2-1.webp","width":2141,"height":573},{"@type":"BreadcrumbList","@id":"https:\/\/dinfante.com\/de\/kontakt\/#breadcrumb","itemListElement":[{"@type":"ListItem","position":1,"name":"Portada","item":"https:\/\/dinfante.com\/de\/"},{"@type":"ListItem","position":2,"name":"Kontakt"}]},{"@type":"WebSite","@id":"https:\/\/dinfante.com\/de\/#website","url":"https:\/\/dinfante.com\/de\/","name":"Bodegas Infante","description":"Artesanos del Brandy y vinos","publisher":{"@id":"https:\/\/dinfante.com\/de\/#organization"},"potentialAction":[{"@type":"SearchAction","target":{"@type":"EntryPoint","urlTemplate":"https:\/\/dinfante.com\/de\/?s={search_term_string}"},"query-input":{"@type":"PropertyValueSpecification","valueRequired":true,"valueName":"search_term_string"}}],"inLanguage":"de"},{"@type":"Organization","@id":"https:\/\/dinfante.com\/de\/#organization","name":"Bodegas Infante","url":"https:\/\/dinfante.com\/de\/","logo":{"@type":"ImageObject","inLanguage":"de","@id":"https:\/\/dinfante.com\/de\/#\/schema\/logo\/image\/","url":"https:\/\/dinfante.com\/wp-content\/uploads\/2021\/04\/cabecera_tienda.jpg","contentUrl":"https:\/\/dinfante.com\/wp-content\/uploads\/2021\/04\/cabecera_tienda.jpg","width":600,"height":151,"caption":"Bodegas Infante"},"image":{"@id":"https:\/\/dinfante.com\/de\/#\/schema\/logo\/image\/"}}]}},"_links":{"self":[{"href":"https:\/\/dinfante.com\/de\/wp-json\/wp\/v2\/pages\/2820","targetHints":{"allow":["GET"]}}],"collection":[{"href":"https:\/\/dinfante.com\/de\/wp-json\/wp\/v2\/pages"}],"about":[{"href":"https:\/\/dinfante.com\/de\/wp-json\/wp\/v2\/types\/page"}],"author":[{"embeddable":true,"href":"https:\/\/dinfante.com\/de\/wp-json\/wp\/v2\/users\/1"}],"replies":[{"embeddable":true,"href":"https:\/\/dinfante.com\/de\/wp-json\/wp\/v2\/comments?post=2820"}],"version-history":[{"count":2,"href":"https:\/\/dinfante.com\/de\/wp-json\/wp\/v2\/pages\/2820\/revisions"}],"predecessor-version":[{"id":2825,"href":"https:\/\/dinfante.com\/de\/wp-json\/wp\/v2\/pages\/2820\/revisions\/2825"}],"wp:featuredmedia":[{"embeddable":true,"href":"https:\/\/dinfante.com\/de\/wp-json\/wp\/v2\/media\/2823"}],"wp:attachment":[{"href":"https:\/\/dinfante.com\/de\/wp-json\/wp\/v2\/media?parent=2820"}],"curies":[{"name":"wp","href":"https:\/\/api.w.org\/{rel}","templated":true}]}}