{"id":2891,"date":"2021-01-28T20:00:50","date_gmt":"2021-01-28T20:00:50","guid":{"rendered":"https:\/\/dinfante.com\/besuchen-sie-bodegas-infante\/"},"modified":"2026-01-15T10:30:55","modified_gmt":"2026-01-15T10:30:55","slug":"besuchen-sie-bodegas-infante","status":"publish","type":"page","link":"https:\/\/dinfante.com\/de\/besuchen-sie-bodegas-infante\/","title":{"rendered":"Besuchen Sie Bodegas Infante"},"content":{"rendered":"<p>[vc_row css=&#8220;.vc_custom_1617728936373{padding-bottom: 100px !important;}&#8220;][vc_column el_id=&#8220;e_catas&#8220;]\n\t<div class=\"title-subtitle-box   \" style=\" text-align: center;\">\n\t\t<hr class=\"has-topline\"  \/>\n\t\t<h2 style=\" text-transform: uppercase; font-weight: 400; letter-spacing: 0px;\" >Besuche<\/h2>\n\t\t<div class=\"subtitle\" style=\"\"><p>Besuchen Sie uns und erleben Sie die Sorgfalt und Hingabe, die wir in die Auswahl, Reifung und Veredelung unserer Weine und Lik\u00f6re investieren. Entdecken Sie Bodegas, die seit \u00fcber einem Jahrhundert hochwertige Produkte herstellen. Feiern Sie Ihr Event mit uns oder buchen Sie Ihr Erlebnis, um den Schatz zu entdecken, der in uns wohnt.  <\/p>\n<\/div>\n\t<\/div> [\/vc_column][\/vc_row][vc_row full_width=&#8220;stretch_row&#8220; css=&#8220;.vc_custom_1617789191377{margin-bottom: 0px !important;padding-top: 150px !important;padding-bottom: 150px !important;background: #00211f url(https:\/\/dinfante.com\/wp-content\/uploads\/2021\/04\/slider_catas.jpg?id=1562) !important;background-position: 0 0 !important;background-repeat: no-repeat !important;}&#8220; el_class=&#8220;secc_bodega_vinedo2&#8243; el_id=&#8220;Weinproben&#8220;][vc_column offset=&#8220;vc_col-lg-6 vc_hidden-sm vc_hidden-xs&#8220; css=&#8220;.vc_custom_1617816507922{padding-top: 50px !important;padding-right: 50px !important;padding-bottom: 50px !important;padding-left: 50px !important;background-color: rgba(8,93,83,0.6) !important;*background-color: rgb(8,93,83) !important;}&#8220; el_id=&#8220;e_eventos&#8220;]\n\t<div class=\"title-subtitle-box   \" style=\" text-align: left;\">\n\t\t<h1 style=\" color:#f1cd7f;  text-transform: uppercase; font-weight: 400; letter-spacing: 0px;\" >Catas y enoturismo<\/h1>\n\t<\/div> [vc_column_text]Besuchen Sie Bodegas Infante alleine oder in Begleitung. Egal, ob Sie von Grund auf neu lernen oder ein Experte sind. Wir sorgen daf\u00fcr, dass Sie sich wie zu Hause f\u00fchlen. Wir erkl\u00e4ren Ihnen die verschiedenen Prozesse der Herstellung, Weinlese und Abf\u00fcllung von einer daf\u00fcr zust\u00e4ndigen Person. Wir m\u00f6chten, dass Sie jedes Detail aus n\u00e4chster N\u00e4he kennenlernen.    <\/p>\n<p>Sie haben Zugang zu dem Raum, in dem unsere jahrhundertealten Brandys reifen, und k\u00f6nnen eine Verkostung unserer Produkte genie\u00dfen.<\/p>\n<p>Fordern Sie Ihren Besuch \u00fcber das Reservierungsformular an.[\/vc_column_text]\n\t<div class=\"gg-special-link-wrapper  special-link-align-left\"><a  class=\"gg-special-link has-left-hor-line\" href=\"#formulario\" title=\"Reserva\" target=\"_self\">Reserva<\/a><\/div>[\/vc_column][vc_column offset=&#8220;vc_col-lg-6&#8243;][\/vc_column][\/vc_row][vc_row css=&#8220;.vc_custom_1617728936373{padding-bottom: 100px !important;}&#8220;][vc_column]\n\t<div class=\"title-subtitle-box   \" style=\" text-align: left;\">\n\t\t<h1 style=\" color:#f1cd7f;  text-transform: uppercase; font-weight: 400; letter-spacing: 0px;\" >Catas y enoturismo<\/h1>\n\t<\/div> [vc_column_text]Besuchen Sie uns alleine oder in Begleitung. Egal, ob Sie von Grund auf neu lernen oder ein Experte sind. Wir sorgen daf\u00fcr, dass Sie sich wie zu Hause f\u00fchlen. Wir erkl\u00e4ren Ihnen die verschiedenen Prozesse der Herstellung, Weinlese und Abf\u00fcllung von einer daf\u00fcr zust\u00e4ndigen Person. Wir m\u00f6chten, dass Sie jedes Detail aus n\u00e4chster N\u00e4he kennenlernen.    <\/p>\n<p>Sie haben Zugang zu dem Raum, in dem unsere jahrhundertealten Brandys reifen, und k\u00f6nnen eine Verkostung unserer Produkte genie\u00dfen.<\/p>\n<p>Fordern Sie Ihren Besuch \u00fcber das Reservierungsformular an.[\/vc_column_text]\n\t<div class=\"gg-special-link-wrapper  special-link-align-left\"><a  class=\"gg-special-link has-left-hor-line\" href=\"#formulario\" title=\"Reserva\" target=\"_self\">Reserva<\/a><\/div>[\/vc_column][\/vc_row][vc_row full_width=&#8220;stretch_row&#8220; css=&#8220;.vc_custom_1617816481946{margin-top: 0px !important;padding-top: 150px !important;padding-bottom: 150px !important;background: #00211f url(https:\/\/dinfante.com\/wp-content\/uploads\/2021\/04\/slider_eventos.jpg?id=1563) !important;background-position: 0 0 !important;background-repeat: no-repeat !important;}&#8220; el_class=&#8220;secc_bodega_vinedo resp_no&#8220; el_id=&#8220;Veranstaltungen&#8220;][vc_column offset=&#8220;vc_col-lg-6&#8243;][\/vc_column][vc_column offset=&#8220;vc_col-lg-6 vc_hidden-sm vc_hidden-xs&#8220; css=&#8220;.vc_custom_1617816497800{padding-top: 50px !important;padding-right: 50px !important;padding-bottom: 50px !important;padding-left: 50px !important;background-color: rgba(24,36,32,0.6) !important;*background-color: rgb(24,36,32) !important;}&#8220;]\n\t<div class=\"title-subtitle-box   \" style=\" text-align: left;\">\n\t\t<h1 style=\" color:#f1cd7f;  text-transform: uppercase; font-weight: 400; letter-spacing: 0px;\" >Un espacio hist\u00f3rico<\/h1>\n\t<\/div> [vc_column_text]Wenn Sie ein besonderes Jubil\u00e4um haben, das Sie gerne mit Freunden feiern m\u00f6chten, oder vielleicht ein Firmentreffen f\u00fcr Ihre Mitarbeiter, haben wir die ideale Umgebung f\u00fcr Sie. Ein Raum mit Tradition, Geschichte und Tradition. Ein einzigartiger Ort f\u00fcr Abendessen, Pr\u00e4sentationen und Veranstaltungen.  <\/p>\n<p><a href=\"https:\/\/dinfante.com\/de\/kontakt\/\">Kontaktieren Sie uns<\/a> und sagen Sie uns, was Sie feiern m\u00f6chten und wie Sie es sich vorgestellt haben. Unser Weintourismus-Team ber\u00e4t Sie gerne und bietet Ihnen alle verf\u00fcgbaren Optionen.[\/vc_column_text]\n\t<div class=\"gg-special-link-wrapper  special-link-align-left\"><a  class=\"gg-special-link has-left-hor-line\" href=\"#formulario\" title=\"Reserva\" target=\"_self\">Reserva<\/a><\/div>[\/vc_column][\/vc_row][vc_row equal_height=&#8220;yes&#8220; css=&#8220;.vc_custom_1617817435198{padding-top: 150px !important;padding-bottom: 10px !important;}&#8220; el_class=&#8220;cont_info_visita&#8220;][vc_column width=&#8220;1\/3&#8243; css=&#8220;.vc_custom_1617816437548{background-color: rgba(16,111,100,0.23) !important;*background-color: rgb(16,111,100) !important;}&#8220; el_class=&#8220;cont_info_visita1&#8243;]\n\t<div class=\"gg-infobox  has-vertical-line vc_custom_1727431471571\" style=\"text-align:center;\">\n\t\t<h4 >Localizaci\u00f3n<\/h4>\n\t\t<hr class=\"has-topline\">\n\t\t<div class=\"description\" ><p>Carretera A 493 KM 1,5<br \/>\nLa Palma del Condado<br \/>\nHuelva \u2013 Spanien<\/p>\n<p><a href=\"https:\/\/www.google.es\/maps\/place\/Bodegas+Infante,+S.L.\/@37.3861698,-6.5502482,17z\/data=!3m1!4b1!4m5!3m4!1s0xd11f23dc60e9f43:0x77e80b5c1e3863cf!8m2!3d37.3861656!4d-6.5480595\" target=\"_blank\" rel=\"noopener noreferrer\">ANFAHRT<\/a><\/p>\n<\/div>\n\t<\/div> [\/vc_column][vc_column width=&#8220;1\/3&#8243; css=&#8220;.vc_custom_1617709927875{margin-right: 1px !important;margin-left: 1px !important;background-color: rgba(16,111,100,0.23) !important;*background-color: rgb(16,111,100) !important;}&#8220;]\n\t<div class=\"gg-infobox  has-vertical-line vc_custom_1617709205577\" style=\"text-align:center;\">\n\t\t<h4 >Reservas<\/h4>\n\t\t<hr class=\"has-topline\">\n\t\t<div class=\"description\" ><p>(+34) 959 402 567<br \/>\n(+34) 652 822 502<\/p>\n<p>dinfante@dinfante.com<\/p>\n<\/div>\n\t<\/div> [\/vc_column][vc_column width=&#8220;1\/3&#8243; css=&#8220;.vc_custom_1617816444565{background-color: rgba(16,111,100,0.23) !important;*background-color: rgb(16,111,100) !important;}&#8220; el_class=&#8220;cont_info_visita2&#8243;]\n\t<div class=\"gg-infobox  has-vertical-line vc_custom_1727431661141\" style=\"text-align:center;\">\n\t\t<h4 >Horarios de atenci\u00f3n<\/h4>\n\t\t<hr class=\"has-topline\">\n\t\t<div class=\"description\" ><p><strong>Montag bis Freitag:<\/strong><\/p>\n<p>Vormittags von 9:00 bis 14:00 Uhr<br \/>\nNachmittags von 16:00 bis 18:00 Uhr<\/p>\n<p><strong>\u00dcbrige Zeit und Tage:<\/strong><\/p>\n<p>Nach Vereinbarung. (652 82 25 02 &#8211; dinfante@dinfante.com) <\/p>\n<\/div>\n\t<\/div> [\/vc_column][\/vc_row][vc_row css=&#8220;.vc_custom_1617729681068{padding-top: 20px !important;padding-bottom: 0px !important;}&#8220;][vc_column width=&#8220;1\/6&#8243;][\/vc_column][vc_column width=&#8220;2\/3&#8243;][vc_column_text]<\/p>\n<p style=\"text-align: center;\"><em>Alle Besuche sind abh\u00e4ngig von der Verf\u00fcgbarkeit der Bodega. Termine erfragen. <\/em><\/p>\n<p>[\/vc_column_text][\/vc_column][vc_column width=&#8220;1\/6&#8243;][\/vc_column][\/vc_row][vc_row css=&#8220;.vc_custom_1617709657588{padding-bottom: 50px !important;}&#8220; el_id=&#8220;Formular&#8220;][vc_column width=&#8220;1\/6&#8243;][\/vc_column][vc_column width=&#8220;2\/3&#8243;]\n\t<div class=\"title-subtitle-box   \" style=\" text-align: center;\">\n\t\t<hr class=\"has-topline\"  \/>\n\t\t<h1 style=\" text-transform: uppercase; font-weight: 400; letter-spacing: 0px;\" >Formulario de reserva<\/h1>\n\t<\/div> \n<div class=\"wpcf7 no-js\" id=\"wpcf7-f3294-o1\" lang=\"de-DE\" dir=\"ltr\" data-wpcf7-id=\"3294\">\n<div class=\"screen-reader-response\"><p role=\"status\" aria-live=\"polite\" aria-atomic=\"true\"><\/p> <ul><\/ul><\/div>\n<form action=\"\/de\/wp-json\/wp\/v2\/pages\/2891#wpcf7-f3294-o1\" method=\"post\" class=\"wpcf7-form init\" aria-label=\"Kontaktformular\" novalidate=\"novalidate\" data-status=\"init\">\n<fieldset class=\"hidden-fields-container\"><input type=\"hidden\" name=\"_wpcf7\" value=\"3294\" \/><input type=\"hidden\" name=\"_wpcf7_version\" value=\"6.1.5\" \/><input type=\"hidden\" name=\"_wpcf7_locale\" value=\"de_DE\" \/><input type=\"hidden\" name=\"_wpcf7_unit_tag\" value=\"wpcf7-f3294-o1\" \/><input type=\"hidden\" name=\"_wpcf7_container_post\" value=\"0\" \/><input type=\"hidden\" name=\"_wpcf7_posted_data_hash\" value=\"\" \/><input type=\"hidden\" name=\"_wpcf7_recaptcha_response\" value=\"\" \/>\n<\/fieldset>\n<div class=\"formulario_reserva\">\n\t<p><label> Name<br \/>\n<span class=\"wpcf7-form-control-wrap\" data-name=\"your-name\"><input size=\"40\" maxlength=\"400\" class=\"wpcf7-form-control wpcf7-text wpcf7-validates-as-required\" aria-required=\"true\" aria-invalid=\"false\" value=\"\" type=\"text\" name=\"your-name\" \/><\/span> <\/label>\n\t<\/p>\n\t<p><label> E-Mail<br \/>\n<span class=\"wpcf7-form-control-wrap\" data-name=\"your-email\"><input size=\"40\" maxlength=\"400\" class=\"wpcf7-form-control wpcf7-email wpcf7-validates-as-required wpcf7-text wpcf7-validates-as-email\" aria-required=\"true\" aria-invalid=\"false\" value=\"\" type=\"email\" name=\"your-email\" \/><\/span> <\/label>\n\t<\/p>\n\t<p><label> Telefon<br \/>\n<span class=\"wpcf7-form-control-wrap\" data-name=\"your-phone\"><input size=\"40\" maxlength=\"400\" class=\"wpcf7-form-control wpcf7-tel wpcf7-text wpcf7-validates-as-tel\" aria-invalid=\"false\" value=\"\" type=\"tel\" name=\"your-phone\" \/><\/span> <\/label>\n\t<\/p>\n\t<p><label> Anzahl der Personen<br \/>\n<span class=\"wpcf7-form-control-wrap\" data-name=\"personas\"><input class=\"wpcf7-form-control wpcf7-number wpcf7-validates-as-number\" aria-invalid=\"false\" value=\"\" type=\"number\" name=\"personas\" \/><\/span><\/label>\n\t<\/p>\n\t<p><label> Datum des Besuchs (kann je nach Verf\u00fcgbarkeit variieren)<br \/>\n<span class=\"wpcf7-form-control-wrap\" data-name=\"fecha\"><input class=\"wpcf7-form-control wpcf7-date wpcf7-validates-as-date\" aria-invalid=\"false\" value=\"\" type=\"date\" name=\"fecha\" \/><\/span><\/label>\n\t<\/p>\n\t<p><label> Reservierung<br \/>\n<span class=\"wpcf7-form-control-wrap\" data-name=\"reserva\"><select class=\"wpcf7-form-control wpcf7-select wpcf7-validates-as-required\" aria-required=\"true\" aria-invalid=\"false\" name=\"reserva\"><option value=\"Verkostung\">Verkostung<\/option><option value=\"Veranstaltung\">Veranstaltung<\/option><\/select><\/span><\/label>\n\t<\/p>\n\t<p><label> Nachricht (optional)<br \/>\n<span class=\"wpcf7-form-control-wrap\" data-name=\"your-message\"><textarea cols=\"40\" rows=\"10\" maxlength=\"2000\" class=\"wpcf7-form-control wpcf7-textarea\" aria-invalid=\"false\" name=\"your-message\"><\/textarea><\/span> <\/label><br \/>\n<span class=\"wpcf7-form-control-wrap\" data-name=\"acceptance-461\"><span class=\"wpcf7-form-control wpcf7-acceptance\"><span class=\"wpcf7-list-item\"><label><input type=\"checkbox\" name=\"acceptance-461\" value=\"1\" aria-invalid=\"false\" \/><span class=\"wpcf7-list-item-label\">Markieren Sie hier, um anzugeben, dass Sie die Bedingungen der <a href=\"\/politica-privacidad\/\">Datenschutzrichtlinie<\/a> gelesen haben und damit einverstanden sind.<\/span><\/label><\/span><\/span><\/span>\n\t<\/p>\n\t<p><span class=\"boton_formulario\"><input class=\"wpcf7-form-control wpcf7-submit has-spinner\" type=\"submit\" value=\"Reservieren\" \/><\/span>\n\t<\/p>\n<\/div><div class=\"wpcf7-response-output\" aria-hidden=\"true\"><\/div>\n<\/form>\n<\/div>\n[\/vc_column][vc_column width=&#8220;1\/6&#8243;][\/vc_column][\/vc_row][vc_row el_class=&#8220;cont_noresp&#8220; css=&#8220;.vc_custom_1686833440359{margin-bottom: 0px !important;padding-top: 70px !important;padding-bottom: 0px !important;}&#8220;][vc_column][vc_single_image image=&#8220;2036&#8243; img_size=&#8220;full&#8220; alignment=&#8220;center&#8220; css_animation=&#8220;none&#8220;]\n\t<div class=\"title-subtitle-box  wpb_animate_when_almost_visible wpb_fadeIn fadeIn vc_custom_1686832014268 \" style=\" text-align: center;\">\n\t\t<h4 style=\" font-size:21px; line-height: normal; color:#f1cd7f;  text-transform: uppercase; font-weight: 400; letter-spacing: 0px;\" >apoyamos la cultura de calidad<\/h4>\n\t<\/div> [vc_row_inner][vc_column_inner width=&#8220;1\/6&#8243;][\/vc_column_inner][vc_column_inner width=&#8220;2\/6&#8243;][vc_single_image image=&#8220;2042&#8243; img_size=&#8220;full&#8220; alignment=&#8220;center&#8220; onclick=&#8220;custom_link&#8220; img_link_target=&#8220;_blank&#8220; css_animation=&#8220;fadeInUp&#8220; link=&#8220;https:\/\/www.newurium.com&#8220;][\/vc_column_inner][vc_column_inner width=&#8220;2\/6&#8243;][vc_single_image image=&#8220;2043&#8243; img_size=&#8220;full&#8220; alignment=&#8220;center&#8220; css_animation=&#8220;fadeInUp&#8220;][\/vc_column_inner][vc_column_inner width=&#8220;1\/6&#8243;][\/vc_column_inner][\/vc_row_inner][vc_single_image image=&#8220;2037&#8243; img_size=&#8220;full&#8220; alignment=&#8220;center&#8220; css_animation=&#8220;none&#8220; css=&#8220;.vc_custom_1686832962313{margin-bottom: 0px !important;}&#8220;][\/vc_column][\/vc_row][vc_row el_class=&#8220;cont_resp&#8220; css=&#8220;.vc_custom_1686833449976{margin-bottom: 0px !important;padding-top: 70px !important;padding-bottom: 0px !important;}&#8220;][vc_column][vc_single_image image=&#8220;2046&#8243; img_size=&#8220;full&#8220; alignment=&#8220;center&#8220; css_animation=&#8220;none&#8220;]\n\t<div class=\"title-subtitle-box  wpb_animate_when_almost_visible wpb_fadeIn fadeIn vc_custom_1686832014268 \" style=\" text-align: center;\">\n\t\t<h4 style=\" font-size:21px; line-height: normal; color:#f1cd7f;  text-transform: uppercase; font-weight: 400; letter-spacing: 0px;\" >apoyamos la cultura de calidad<\/h4>\n\t<\/div> [vc_row_inner css=&#8220;.vc_custom_1686846556833{padding-right: 10% !important;padding-left: 10% !important;}&#8220;][vc_column_inner width=&#8220;1\/6&#8243;][\/vc_column_inner][vc_column_inner width=&#8220;2\/6&#8243;][vc_single_image image=&#8220;2042&#8243; img_size=&#8220;full&#8220; alignment=&#8220;center&#8220; onclick=&#8220;custom_link&#8220; img_link_target=&#8220;_blank&#8220; css_animation=&#8220;fadeInUp&#8220; link=&#8220;https:\/\/www.newurium.com&#8220;][\/vc_column_inner][vc_column_inner width=&#8220;2\/6&#8243;][vc_single_image image=&#8220;2043&#8243; img_size=&#8220;full&#8220; alignment=&#8220;center&#8220; css_animation=&#8220;fadeInUp&#8220;][\/vc_column_inner][vc_column_inner width=&#8220;1\/6&#8243;][\/vc_column_inner][\/vc_row_inner][vc_single_image image=&#8220;2047&#8243; img_size=&#8220;full&#8220; alignment=&#8220;center&#8220; css_animation=&#8220;none&#8220; css=&#8220;.vc_custom_1686832972067{margin-bottom: 0px !important;}&#8220;][\/vc_column][\/vc_row]<\/p>\n","protected":false},"excerpt":{"rendered":"<p>[vc_row css=&#8220;.vc_custom_1617728936373{padding-bottom: 100px !important;}&#8220;][vc_column el_id=&#8220;e_catas&#8220;][\/vc_column][\/vc_row][vc_row full_width=&#8220;stretch_row&#8220; css=&#8220;.vc_custom_1617789191377{margin-bottom: 0px !important;padding-top: 150px !important;padding-bottom: 150px !important;background: #00211f url(https:\/\/dinfante.com\/wp-content\/uploads\/2021\/04\/slider_catas.jpg?id=1562) !important;background-position: 0 0 !important;background-repeat: no-repeat !important;}&#8220; el_class=&#8220;secc_bodega_vinedo2&#8243; el_id=&#8220;Weinproben&#8220;][vc_column offset=&#8220;vc_col-lg-6 vc_hidden-sm vc_hidden-xs&#8220; css=&#8220;.vc_custom_1617816507922{padding-top: 50px !important;padding-right: 50px !important;padding-bottom: 50px !important;padding-left: 50px !important;background-color: rgba(8,93,83,0.6) !important;*background-color: rgb(8,93,83) !important;}&#8220; el_id=&#8220;e_eventos&#8220;][vc_column_text]Besuchen Sie Bodegas Infante alleine oder in Begleitung. Egal, ob Sie von Grund auf neu lernen<br class=\"read-more-spacer\"> <a class=\"more-link\" href=\"https:\/\/dinfante.com\/de\/besuchen-sie-bodegas-infante\/\">Read More<\/a><\/p>\n","protected":false},"author":1,"featured_media":0,"parent":0,"menu_order":0,"comment_status":"closed","ping_status":"closed","template":"","meta":{"footnotes":""},"class_list":["post-2891","page","type-page","status-publish","hentry"],"acf":[],"yoast_head":"<!-- This site is optimized with the Yoast SEO plugin v27.1.1 - https:\/\/yoast.com\/product\/yoast-seo-wordpress\/ -->\n<title>Besuchen Sie Bodegas Infante- Bodegas Infante<\/title>\n<meta name=\"description\" content=\"Genie\u00dfen Sie Weinproben und Weintourismus in unseren Bodegas. Besuchen Sie Bodegas Infante und tauchen Sie ein in ein einzigartiges Erlebnis!\" \/>\n<meta name=\"robots\" content=\"index, follow, max-snippet:-1, max-image-preview:large, max-video-preview:-1\" \/>\n<link rel=\"canonical\" href=\"https:\/\/dinfante.com\/de\/besuchen-sie-bodegas-infante\/\" \/>\n<meta property=\"og:locale\" content=\"de_DE\" \/>\n<meta property=\"og:type\" content=\"article\" \/>\n<meta property=\"og:title\" content=\"Besuchen Sie Bodegas Infante- Bodegas Infante\" \/>\n<meta property=\"og:description\" content=\"Genie\u00dfen Sie Weinproben und Weintourismus in unseren Bodegas. Besuchen Sie Bodegas Infante und tauchen Sie ein in ein einzigartiges Erlebnis!\" \/>\n<meta property=\"og:url\" content=\"https:\/\/dinfante.com\/de\/besuchen-sie-bodegas-infante\/\" \/>\n<meta property=\"og:site_name\" content=\"Bodegas Infante\" \/>\n<meta property=\"article:modified_time\" content=\"2026-01-15T10:30:55+00:00\" \/>\n<meta name=\"twitter:card\" content=\"summary_large_image\" \/>\n<meta name=\"twitter:label1\" content=\"Gesch\u00e4tzte Lesezeit\" \/>\n\t<meta name=\"twitter:data1\" content=\"7\u00a0Minuten\" \/>\n<script type=\"application\/ld+json\" class=\"yoast-schema-graph\">{\"@context\":\"https:\/\/schema.org\",\"@graph\":[{\"@type\":\"WebPage\",\"@id\":\"https:\/\/dinfante.com\/de\/besuchen-sie-bodegas-infante\/\",\"url\":\"https:\/\/dinfante.com\/de\/besuchen-sie-bodegas-infante\/\",\"name\":\"Besuchen Sie Bodegas Infante- Bodegas Infante\",\"isPartOf\":{\"@id\":\"https:\/\/dinfante.com\/de\/#website\"},\"datePublished\":\"2021-01-28T20:00:50+00:00\",\"dateModified\":\"2026-01-15T10:30:55+00:00\",\"description\":\"Genie\u00dfen Sie Weinproben und Weintourismus in unseren Bodegas. Besuchen Sie Bodegas Infante und tauchen Sie ein in ein einzigartiges Erlebnis!\",\"breadcrumb\":{\"@id\":\"https:\/\/dinfante.com\/de\/besuchen-sie-bodegas-infante\/#breadcrumb\"},\"inLanguage\":\"de\",\"potentialAction\":[{\"@type\":\"ReadAction\",\"target\":[\"https:\/\/dinfante.com\/de\/besuchen-sie-bodegas-infante\/\"]}]},{\"@type\":\"BreadcrumbList\",\"@id\":\"https:\/\/dinfante.com\/de\/besuchen-sie-bodegas-infante\/#breadcrumb\",\"itemListElement\":[{\"@type\":\"ListItem\",\"position\":1,\"name\":\"Portada\",\"item\":\"https:\/\/dinfante.com\/de\/\"},{\"@type\":\"ListItem\",\"position\":2,\"name\":\"Besuchen Sie Bodegas Infante\"}]},{\"@type\":\"WebSite\",\"@id\":\"https:\/\/dinfante.com\/de\/#website\",\"url\":\"https:\/\/dinfante.com\/de\/\",\"name\":\"Bodegas Infante\",\"description\":\"Artesanos del Brandy y vinos\",\"publisher\":{\"@id\":\"https:\/\/dinfante.com\/de\/#organization\"},\"potentialAction\":[{\"@type\":\"SearchAction\",\"target\":{\"@type\":\"EntryPoint\",\"urlTemplate\":\"https:\/\/dinfante.com\/de\/?s={search_term_string}\"},\"query-input\":{\"@type\":\"PropertyValueSpecification\",\"valueRequired\":true,\"valueName\":\"search_term_string\"}}],\"inLanguage\":\"de\"},{\"@type\":\"Organization\",\"@id\":\"https:\/\/dinfante.com\/de\/#organization\",\"name\":\"Bodegas Infante\",\"url\":\"https:\/\/dinfante.com\/de\/\",\"logo\":{\"@type\":\"ImageObject\",\"inLanguage\":\"de\",\"@id\":\"https:\/\/dinfante.com\/de\/#\/schema\/logo\/image\/\",\"url\":\"https:\/\/dinfante.com\/wp-content\/uploads\/2021\/04\/cabecera_tienda.jpg\",\"contentUrl\":\"https:\/\/dinfante.com\/wp-content\/uploads\/2021\/04\/cabecera_tienda.jpg\",\"width\":600,\"height\":151,\"caption\":\"Bodegas Infante\"},\"image\":{\"@id\":\"https:\/\/dinfante.com\/de\/#\/schema\/logo\/image\/\"}}]}<\/script>\n<!-- \/ Yoast SEO plugin. -->","yoast_head_json":{"title":"Besuchen Sie Bodegas Infante- Bodegas Infante","description":"Genie\u00dfen Sie Weinproben und Weintourismus in unseren Bodegas. Besuchen Sie Bodegas Infante und tauchen Sie ein in ein einzigartiges Erlebnis!","robots":{"index":"index","follow":"follow","max-snippet":"max-snippet:-1","max-image-preview":"max-image-preview:large","max-video-preview":"max-video-preview:-1"},"canonical":"https:\/\/dinfante.com\/de\/besuchen-sie-bodegas-infante\/","og_locale":"de_DE","og_type":"article","og_title":"Besuchen Sie Bodegas Infante- Bodegas Infante","og_description":"Genie\u00dfen Sie Weinproben und Weintourismus in unseren Bodegas. Besuchen Sie Bodegas Infante und tauchen Sie ein in ein einzigartiges Erlebnis!","og_url":"https:\/\/dinfante.com\/de\/besuchen-sie-bodegas-infante\/","og_site_name":"Bodegas Infante","article_modified_time":"2026-01-15T10:30:55+00:00","twitter_card":"summary_large_image","twitter_misc":{"Gesch\u00e4tzte Lesezeit":"7\u00a0Minuten"},"schema":{"@context":"https:\/\/schema.org","@graph":[{"@type":"WebPage","@id":"https:\/\/dinfante.com\/de\/besuchen-sie-bodegas-infante\/","url":"https:\/\/dinfante.com\/de\/besuchen-sie-bodegas-infante\/","name":"Besuchen Sie Bodegas Infante- Bodegas Infante","isPartOf":{"@id":"https:\/\/dinfante.com\/de\/#website"},"datePublished":"2021-01-28T20:00:50+00:00","dateModified":"2026-01-15T10:30:55+00:00","description":"Genie\u00dfen Sie Weinproben und Weintourismus in unseren Bodegas. Besuchen Sie Bodegas Infante und tauchen Sie ein in ein einzigartiges Erlebnis!","breadcrumb":{"@id":"https:\/\/dinfante.com\/de\/besuchen-sie-bodegas-infante\/#breadcrumb"},"inLanguage":"de","potentialAction":[{"@type":"ReadAction","target":["https:\/\/dinfante.com\/de\/besuchen-sie-bodegas-infante\/"]}]},{"@type":"BreadcrumbList","@id":"https:\/\/dinfante.com\/de\/besuchen-sie-bodegas-infante\/#breadcrumb","itemListElement":[{"@type":"ListItem","position":1,"name":"Portada","item":"https:\/\/dinfante.com\/de\/"},{"@type":"ListItem","position":2,"name":"Besuchen Sie Bodegas Infante"}]},{"@type":"WebSite","@id":"https:\/\/dinfante.com\/de\/#website","url":"https:\/\/dinfante.com\/de\/","name":"Bodegas Infante","description":"Artesanos del Brandy y vinos","publisher":{"@id":"https:\/\/dinfante.com\/de\/#organization"},"potentialAction":[{"@type":"SearchAction","target":{"@type":"EntryPoint","urlTemplate":"https:\/\/dinfante.com\/de\/?s={search_term_string}"},"query-input":{"@type":"PropertyValueSpecification","valueRequired":true,"valueName":"search_term_string"}}],"inLanguage":"de"},{"@type":"Organization","@id":"https:\/\/dinfante.com\/de\/#organization","name":"Bodegas Infante","url":"https:\/\/dinfante.com\/de\/","logo":{"@type":"ImageObject","inLanguage":"de","@id":"https:\/\/dinfante.com\/de\/#\/schema\/logo\/image\/","url":"https:\/\/dinfante.com\/wp-content\/uploads\/2021\/04\/cabecera_tienda.jpg","contentUrl":"https:\/\/dinfante.com\/wp-content\/uploads\/2021\/04\/cabecera_tienda.jpg","width":600,"height":151,"caption":"Bodegas Infante"},"image":{"@id":"https:\/\/dinfante.com\/de\/#\/schema\/logo\/image\/"}}]}},"_links":{"self":[{"href":"https:\/\/dinfante.com\/de\/wp-json\/wp\/v2\/pages\/2891","targetHints":{"allow":["GET"]}}],"collection":[{"href":"https:\/\/dinfante.com\/de\/wp-json\/wp\/v2\/pages"}],"about":[{"href":"https:\/\/dinfante.com\/de\/wp-json\/wp\/v2\/types\/page"}],"author":[{"embeddable":true,"href":"https:\/\/dinfante.com\/de\/wp-json\/wp\/v2\/users\/1"}],"replies":[{"embeddable":true,"href":"https:\/\/dinfante.com\/de\/wp-json\/wp\/v2\/comments?post=2891"}],"version-history":[{"count":22,"href":"https:\/\/dinfante.com\/de\/wp-json\/wp\/v2\/pages\/2891\/revisions"}],"predecessor-version":[{"id":3592,"href":"https:\/\/dinfante.com\/de\/wp-json\/wp\/v2\/pages\/2891\/revisions\/3592"}],"wp:attachment":[{"href":"https:\/\/dinfante.com\/de\/wp-json\/wp\/v2\/media?parent=2891"}],"curies":[{"name":"wp","href":"https:\/\/api.w.org\/{rel}","templated":true}]}}