{"id":2914,"date":"2021-01-27T19:00:10","date_gmt":"2021-01-27T19:00:10","guid":{"rendered":"https:\/\/dinfante.com\/bodegas-mam\/"},"modified":"2025-07-08T17:51:41","modified_gmt":"2025-07-08T17:51:41","slug":"bodegas-mam","status":"publish","type":"page","link":"https:\/\/dinfante.com\/de\/bodegas-mam\/","title":{"rendered":"Bodegas MAM"},"content":{"rendered":"<p>[vc_row][vc_column width=&#8220;1\/6&#8243;][\/vc_column][vc_column width=&#8220;2\/3&#8243;][vc_single_image image=&#8220;1431&#8243; img_size=&#8220;125&#215;189&#8243; alignment=&#8220;center&#8220;]\n\t<div class=\"title-subtitle-box   \" style=\" text-align: center;\">\n\t\t<h1 style=\" text-transform: uppercase; font-weight: 400; letter-spacing: 0px;\" >NUESTROS OR\u00cdGENES<\/h1>\n\t<\/div> [vc_column_text]<\/p>\n<p style=\"text-align: center;\">Bodegas MAM liegt in La Palma del Condado und ist ein innovatives Weingut, das sich der Herstellung von originellen und modernen Weinen verschrieben hat, wie seine ersten beiden Marken zeigen: Tragant\u00eda Zalema, ein reinsortiger Wein aus der einheimischen Traube des Condado, der in der Freiheit der Landschaft von Huelva angebaut wird, umsp\u00fclt von der Meeresbrise des Atlantiks und im August geerntet, um die f\u00fcr die Sorte typischen Aromen wei\u00dfer Fr\u00fcchte zu bewahren, und sein gro\u00dfer Albaleia Colombard, der erste reinsortige Wein aus dieser Traube in Huelva, einer franz\u00f6sischen Rebsorte, die in der Champagne zur Herstellung von Cognac verwendet wird, aber in Huelva sehr komplexe, intensive, glyzerinreiche und vollmundige junge Weine hervorbringt, ein hochwertiger Wei\u00dfwein, der Sie verf\u00fchrt und Ihnen sagt, dass Huelva eine lange Weinbaugeschichte hat, wirklich.<\/p>\n<p>[\/vc_column_text][\/vc_column][vc_column width=&#8220;1\/6&#8243;][\/vc_column][\/vc_row][vc_row css=&#8220;.vc_custom_1495719407294{padding-top: 0px !important;}&#8220;][vc_column][vc_images_carousel images=&#8220;1445,1446,1447&#8243; img_size=&#8220;full&#8220; onclick=&#8220;link_no&#8220; css=&#8220;.vc_custom_1611776589278{margin-bottom: 0px !important;}&#8220;][vc_row_inner css=&#8220;.vc_custom_1611834364711{margin-right: 0px !important;margin-left: 0px !important;padding-top: 60px !important;padding-right: 10% !important;padding-bottom: 60px !important;padding-left: 10% !important;background-color: #001211 !important;}&#8220;][vc_column_inner width=&#8220;1\/6&#8243;][\/vc_column_inner][vc_column_inner width=&#8220;2\/3&#8243;]\n\t<div class=\"title-subtitle-box  vc_custom_1713531010945 \" style=\" text-align: center;\">\n\t\t<h2 style=\" text-transform: uppercase; font-weight: 400; letter-spacing: 0px;\" >TRAGANT\u00cdA ZALEMA<\/h2>\n\t<\/div> [vc_column_text el_class=&#8220;txt_cita&#8220; css=&#8220;.vc_custom_1611829739454{margin-top: 0px !important;padding-top: 0px !important;}&#8220;]<\/p>\n<p style=\"text-align: center;\"><em>\u201eIch bin die Tragant\u00eda<br \/>\nTochter des Maurenk\u00f6nigs,<br \/>\nwer mich singen h\u00f6rt,<br \/>\nwird das Tageslicht nicht sehen<br \/>\nnoch die Johannisnacht\u201c<\/em><\/p>\n<p>[\/vc_column_text][vc_btn title=&#8220;Ansehen&#8220; style=&#8220;custom&#8220; custom_background=&#8220;rgba(0,33,31,0.01)&#8220; custom_text=&#8220;#ffffff&#8220; shape=&#8220;square&#8220; align=&#8220;center&#8220; link=&#8220;url:http%3A%2F%2Fdinfante.com%2Fproducto%2Ftragantia-zalema%2F|title:Tragantia|&#8220; el_class=&#8220;bot_border bot_prod block_none&#8220;][\/vc_column_inner][vc_column_inner width=&#8220;1\/6&#8243;][\/vc_column_inner][\/vc_row_inner][\/vc_column][\/vc_row][vc_row css=&#8220;.vc_custom_1495719407294{padding-top: 0px !important;}&#8220;][vc_column][vc_images_carousel images=&#8220;1448,1449,1450&#8243; img_size=&#8220;full&#8220; onclick=&#8220;link_no&#8220; css=&#8220;.vc_custom_1611776617002{margin-bottom: 0px !important;}&#8220;][vc_row_inner css=&#8220;.vc_custom_1611834370798{margin-right: 0px !important;margin-left: 0px !important;padding-top: 60px !important;padding-right: 10% !important;padding-bottom: 60px !important;padding-left: 10% !important;background-color: #001211 !important;}&#8220;][vc_column_inner width=&#8220;1\/6&#8243;][\/vc_column_inner][vc_column_inner width=&#8220;2\/3&#8243;]\n\t<div class=\"title-subtitle-box   \" style=\" text-align: center;\">\n\t\t<h2 style=\" text-transform: uppercase; font-weight: 400; letter-spacing: 0px;\" >ALBALEIA COLOMBARD<\/h2>\n\t<\/div> \n\t<div class=\"title-subtitle-box   \" style=\" text-align: left;\">\n\t<\/div> [vc_column_text el_class=&#8220;txt_cita&#8220;]<\/p>\n<p style=\"text-align: center;\"><em>\u201eIch fuhr aufs Meer hinaus<br \/>\nauf der Suche nach einer Welle,<br \/>\ndie dich verlieben k\u00f6nnte,<br \/>\nda ich sie nicht fand,<br \/>\nauf dem R\u00fcckweg<br \/>\nhabe ich diesen Wein kreiert,<br \/>\nder dich zum Tr\u00e4umen bringt\u201c<br \/>\n<\/em><\/p>\n<p>[\/vc_column_text][vc_btn title=&#8220;Ansehen&#8220; style=&#8220;custom&#8220; custom_background=&#8220;rgba(0,33,31,0.01)&#8220; custom_text=&#8220;#ffffff&#8220; shape=&#8220;square&#8220; align=&#8220;center&#8220; link=&#8220;url:http%3A%2F%2Fdinfante.com%2Fproducto%2Falbaleia-colombard%2F|title:albaleia|&#8220; el_class=&#8220;bot_border bot_prod block_none&#8220;][\/vc_column_inner][vc_column_inner width=&#8220;1\/6&#8243;][\/vc_column_inner][\/vc_row_inner][\/vc_column][\/vc_row][vc_row el_class=&#8220;cont_noresp&#8220; css=&#8220;.vc_custom_1686833440359{margin-bottom: 0px !important;padding-top: 70px !important;padding-bottom: 0px !important;}&#8220;][vc_column][vc_single_image image=&#8220;2036&#8243; img_size=&#8220;full&#8220; alignment=&#8220;center&#8220; css_animation=&#8220;none&#8220;]\n\t<div class=\"title-subtitle-box  wpb_animate_when_almost_visible wpb_fadeIn fadeIn vc_custom_1713531096248 \" style=\" text-align: center;\">\n\t\t<h3 style=\" font-size:21px; line-height: normal; color:#f1cd7f;  text-transform: uppercase; font-weight: 400; letter-spacing: 0px;\" >apoyamos la cultura de calidad<\/h3>\n\t<\/div> [vc_row_inner][vc_column_inner width=&#8220;1\/6&#8243;][\/vc_column_inner][vc_column_inner width=&#8220;2\/6&#8243;][vc_single_image image=&#8220;2042&#8243; img_size=&#8220;full&#8220; alignment=&#8220;center&#8220; onclick=&#8220;custom_link&#8220; img_link_target=&#8220;_blank&#8220; css_animation=&#8220;fadeInUp&#8220; link=&#8220;https:\/\/www.newurium.com&#8220;][\/vc_column_inner][vc_column_inner width=&#8220;2\/6&#8243;][vc_single_image image=&#8220;2043&#8243; img_size=&#8220;full&#8220; alignment=&#8220;center&#8220; css_animation=&#8220;fadeInUp&#8220;][\/vc_column_inner][vc_column_inner width=&#8220;1\/6&#8243;][\/vc_column_inner][\/vc_row_inner][vc_single_image image=&#8220;2037&#8243; img_size=&#8220;full&#8220; alignment=&#8220;center&#8220; css_animation=&#8220;none&#8220; css=&#8220;.vc_custom_1686832962313{margin-bottom: 0px !important;}&#8220;][\/vc_column][\/vc_row][vc_row el_class=&#8220;cont_resp&#8220; css=&#8220;.vc_custom_1686833449976{margin-bottom: 0px !important;padding-top: 70px !important;padding-bottom: 0px !important;}&#8220;][vc_column][vc_single_image image=&#8220;2046&#8243; img_size=&#8220;full&#8220; alignment=&#8220;center&#8220; css_animation=&#8220;none&#8220;]\n\t<div class=\"title-subtitle-box  wpb_animate_when_almost_visible wpb_fadeIn fadeIn vc_custom_1686832014268 \" style=\" text-align: center;\">\n\t\t<h4 style=\" font-size:21px; line-height: normal; color:#f1cd7f;  text-transform: uppercase; font-weight: 400; letter-spacing: 0px;\" >apoyamos la cultura de calidad<\/h4>\n\t<\/div> [vc_row_inner css=&#8220;.vc_custom_1686846556833{padding-right: 10% !important;padding-left: 10% !important;}&#8220;][vc_column_inner width=&#8220;1\/6&#8243;][\/vc_column_inner][vc_column_inner width=&#8220;2\/6&#8243;][vc_single_image image=&#8220;2042&#8243; img_size=&#8220;full&#8220; alignment=&#8220;center&#8220; onclick=&#8220;custom_link&#8220; img_link_target=&#8220;_blank&#8220; css_animation=&#8220;fadeInUp&#8220; link=&#8220;https:\/\/www.newurium.com&#8220;][\/vc_column_inner][vc_column_inner width=&#8220;2\/6&#8243;][vc_single_image image=&#8220;2043&#8243; img_size=&#8220;full&#8220; alignment=&#8220;center&#8220; css_animation=&#8220;fadeInUp&#8220;][\/vc_column_inner][vc_column_inner width=&#8220;1\/6&#8243;][\/vc_column_inner][\/vc_row_inner][vc_single_image image=&#8220;2047&#8243; img_size=&#8220;full&#8220; alignment=&#8220;center&#8220; css_animation=&#8220;none&#8220; css=&#8220;.vc_custom_1686832972067{margin-bottom: 0px !important;}&#8220;][\/vc_column][\/vc_row]<\/p>\n","protected":false},"excerpt":{"rendered":"<p>[vc_row][vc_column width=&#8220;1\/6&#8243;][\/vc_column][vc_column width=&#8220;2\/3&#8243;][vc_single_image image=&#8220;1431&#8243; img_size=&#8220;125&#215;189&#8243; alignment=&#8220;center&#8220;][vc_column_text] Bodegas MAM liegt in La Palma del Condado und ist ein innovatives Weingut, das sich der Herstellung von originellen und modernen Weinen verschrieben hat, wie seine ersten beiden Marken zeigen: Tragant\u00eda Zalema, ein reinsortiger Wein aus der einheimischen Traube des Condado, der in der Freiheit der Landschaft von Huelva<br class=\"read-more-spacer\"> <a class=\"more-link\" href=\"https:\/\/dinfante.com\/de\/bodegas-mam\/\">Read More<\/a><\/p>\n","protected":false},"author":1,"featured_media":0,"parent":0,"menu_order":0,"comment_status":"closed","ping_status":"closed","template":"","meta":{"footnotes":""},"class_list":["post-2914","page","type-page","status-publish","hentry"],"acf":[],"yoast_head":"<!-- This site is optimized with the Yoast SEO plugin v27.1.1 - https:\/\/yoast.com\/product\/yoast-seo-wordpress\/ -->\n<title>Bodegas MAM - Bodegas Infante<\/title>\n<meta name=\"description\" content=\"Entdecken Sie Bodegas MAM in La Palma del Condado: originelle und moderne Weine, die die einzigartige Weinbaugeschichte von Huelva offenbaren.\" \/>\n<meta name=\"robots\" content=\"index, follow, max-snippet:-1, max-image-preview:large, max-video-preview:-1\" \/>\n<link rel=\"canonical\" href=\"https:\/\/dinfante.com\/de\/bodegas-mam\/\" \/>\n<meta property=\"og:locale\" content=\"de_DE\" \/>\n<meta property=\"og:type\" content=\"article\" \/>\n<meta property=\"og:title\" content=\"Bodegas MAM - Bodegas Infante\" \/>\n<meta property=\"og:description\" content=\"Entdecken Sie Bodegas MAM in La Palma del Condado: originelle und moderne Weine, die die einzigartige Weinbaugeschichte von Huelva offenbaren.\" \/>\n<meta property=\"og:url\" content=\"https:\/\/dinfante.com\/de\/bodegas-mam\/\" \/>\n<meta property=\"og:site_name\" content=\"Bodegas Infante\" \/>\n<meta property=\"article:modified_time\" content=\"2025-07-08T17:51:41+00:00\" \/>\n<meta name=\"twitter:card\" content=\"summary_large_image\" \/>\n<meta name=\"twitter:label1\" content=\"Gesch\u00e4tzte Lesezeit\" \/>\n\t<meta name=\"twitter:data1\" content=\"4\u00a0Minuten\" \/>\n<script type=\"application\/ld+json\" class=\"yoast-schema-graph\">{\"@context\":\"https:\/\/schema.org\",\"@graph\":[{\"@type\":\"WebPage\",\"@id\":\"https:\/\/dinfante.com\/de\/bodegas-mam\/\",\"url\":\"https:\/\/dinfante.com\/de\/bodegas-mam\/\",\"name\":\"Bodegas MAM - Bodegas Infante\",\"isPartOf\":{\"@id\":\"https:\/\/dinfante.com\/de\/#website\"},\"datePublished\":\"2021-01-27T19:00:10+00:00\",\"dateModified\":\"2025-07-08T17:51:41+00:00\",\"description\":\"Entdecken Sie Bodegas MAM in La Palma del Condado: originelle und moderne Weine, die die einzigartige Weinbaugeschichte von Huelva offenbaren.\",\"breadcrumb\":{\"@id\":\"https:\/\/dinfante.com\/de\/bodegas-mam\/#breadcrumb\"},\"inLanguage\":\"de\",\"potentialAction\":[{\"@type\":\"ReadAction\",\"target\":[\"https:\/\/dinfante.com\/de\/bodegas-mam\/\"]}]},{\"@type\":\"BreadcrumbList\",\"@id\":\"https:\/\/dinfante.com\/de\/bodegas-mam\/#breadcrumb\",\"itemListElement\":[{\"@type\":\"ListItem\",\"position\":1,\"name\":\"Portada\",\"item\":\"https:\/\/dinfante.com\/de\/\"},{\"@type\":\"ListItem\",\"position\":2,\"name\":\"Bodegas MAM\"}]},{\"@type\":\"WebSite\",\"@id\":\"https:\/\/dinfante.com\/de\/#website\",\"url\":\"https:\/\/dinfante.com\/de\/\",\"name\":\"Bodegas Infante\",\"description\":\"Artesanos del Brandy y vinos\",\"publisher\":{\"@id\":\"https:\/\/dinfante.com\/de\/#organization\"},\"potentialAction\":[{\"@type\":\"SearchAction\",\"target\":{\"@type\":\"EntryPoint\",\"urlTemplate\":\"https:\/\/dinfante.com\/de\/?s={search_term_string}\"},\"query-input\":{\"@type\":\"PropertyValueSpecification\",\"valueRequired\":true,\"valueName\":\"search_term_string\"}}],\"inLanguage\":\"de\"},{\"@type\":\"Organization\",\"@id\":\"https:\/\/dinfante.com\/de\/#organization\",\"name\":\"Bodegas Infante\",\"url\":\"https:\/\/dinfante.com\/de\/\",\"logo\":{\"@type\":\"ImageObject\",\"inLanguage\":\"de\",\"@id\":\"https:\/\/dinfante.com\/de\/#\/schema\/logo\/image\/\",\"url\":\"https:\/\/dinfante.com\/wp-content\/uploads\/2021\/04\/cabecera_tienda.jpg\",\"contentUrl\":\"https:\/\/dinfante.com\/wp-content\/uploads\/2021\/04\/cabecera_tienda.jpg\",\"width\":600,\"height\":151,\"caption\":\"Bodegas Infante\"},\"image\":{\"@id\":\"https:\/\/dinfante.com\/de\/#\/schema\/logo\/image\/\"}}]}<\/script>\n<!-- \/ Yoast SEO plugin. -->","yoast_head_json":{"title":"Bodegas MAM - Bodegas Infante","description":"Entdecken Sie Bodegas MAM in La Palma del Condado: originelle und moderne Weine, die die einzigartige Weinbaugeschichte von Huelva offenbaren.","robots":{"index":"index","follow":"follow","max-snippet":"max-snippet:-1","max-image-preview":"max-image-preview:large","max-video-preview":"max-video-preview:-1"},"canonical":"https:\/\/dinfante.com\/de\/bodegas-mam\/","og_locale":"de_DE","og_type":"article","og_title":"Bodegas MAM - Bodegas Infante","og_description":"Entdecken Sie Bodegas MAM in La Palma del Condado: originelle und moderne Weine, die die einzigartige Weinbaugeschichte von Huelva offenbaren.","og_url":"https:\/\/dinfante.com\/de\/bodegas-mam\/","og_site_name":"Bodegas Infante","article_modified_time":"2025-07-08T17:51:41+00:00","twitter_card":"summary_large_image","twitter_misc":{"Gesch\u00e4tzte Lesezeit":"4\u00a0Minuten"},"schema":{"@context":"https:\/\/schema.org","@graph":[{"@type":"WebPage","@id":"https:\/\/dinfante.com\/de\/bodegas-mam\/","url":"https:\/\/dinfante.com\/de\/bodegas-mam\/","name":"Bodegas MAM - Bodegas Infante","isPartOf":{"@id":"https:\/\/dinfante.com\/de\/#website"},"datePublished":"2021-01-27T19:00:10+00:00","dateModified":"2025-07-08T17:51:41+00:00","description":"Entdecken Sie Bodegas MAM in La Palma del Condado: originelle und moderne Weine, die die einzigartige Weinbaugeschichte von Huelva offenbaren.","breadcrumb":{"@id":"https:\/\/dinfante.com\/de\/bodegas-mam\/#breadcrumb"},"inLanguage":"de","potentialAction":[{"@type":"ReadAction","target":["https:\/\/dinfante.com\/de\/bodegas-mam\/"]}]},{"@type":"BreadcrumbList","@id":"https:\/\/dinfante.com\/de\/bodegas-mam\/#breadcrumb","itemListElement":[{"@type":"ListItem","position":1,"name":"Portada","item":"https:\/\/dinfante.com\/de\/"},{"@type":"ListItem","position":2,"name":"Bodegas MAM"}]},{"@type":"WebSite","@id":"https:\/\/dinfante.com\/de\/#website","url":"https:\/\/dinfante.com\/de\/","name":"Bodegas Infante","description":"Artesanos del Brandy y vinos","publisher":{"@id":"https:\/\/dinfante.com\/de\/#organization"},"potentialAction":[{"@type":"SearchAction","target":{"@type":"EntryPoint","urlTemplate":"https:\/\/dinfante.com\/de\/?s={search_term_string}"},"query-input":{"@type":"PropertyValueSpecification","valueRequired":true,"valueName":"search_term_string"}}],"inLanguage":"de"},{"@type":"Organization","@id":"https:\/\/dinfante.com\/de\/#organization","name":"Bodegas Infante","url":"https:\/\/dinfante.com\/de\/","logo":{"@type":"ImageObject","inLanguage":"de","@id":"https:\/\/dinfante.com\/de\/#\/schema\/logo\/image\/","url":"https:\/\/dinfante.com\/wp-content\/uploads\/2021\/04\/cabecera_tienda.jpg","contentUrl":"https:\/\/dinfante.com\/wp-content\/uploads\/2021\/04\/cabecera_tienda.jpg","width":600,"height":151,"caption":"Bodegas Infante"},"image":{"@id":"https:\/\/dinfante.com\/de\/#\/schema\/logo\/image\/"}}]}},"_links":{"self":[{"href":"https:\/\/dinfante.com\/de\/wp-json\/wp\/v2\/pages\/2914","targetHints":{"allow":["GET"]}}],"collection":[{"href":"https:\/\/dinfante.com\/de\/wp-json\/wp\/v2\/pages"}],"about":[{"href":"https:\/\/dinfante.com\/de\/wp-json\/wp\/v2\/types\/page"}],"author":[{"embeddable":true,"href":"https:\/\/dinfante.com\/de\/wp-json\/wp\/v2\/users\/1"}],"replies":[{"embeddable":true,"href":"https:\/\/dinfante.com\/de\/wp-json\/wp\/v2\/comments?post=2914"}],"version-history":[{"count":1,"href":"https:\/\/dinfante.com\/de\/wp-json\/wp\/v2\/pages\/2914\/revisions"}],"predecessor-version":[{"id":2931,"href":"https:\/\/dinfante.com\/de\/wp-json\/wp\/v2\/pages\/2914\/revisions\/2931"}],"wp:attachment":[{"href":"https:\/\/dinfante.com\/de\/wp-json\/wp\/v2\/media?parent=2914"}],"curies":[{"name":"wp","href":"https:\/\/api.w.org\/{rel}","templated":true}]}}