{"id":2973,"date":"2021-02-03T10:47:24","date_gmt":"2021-02-03T10:47:24","guid":{"rendered":"https:\/\/dinfante.com\/cookie-richtlinie\/"},"modified":"2025-07-08T17:52:55","modified_gmt":"2025-07-08T17:52:55","slug":"cookie-richtlinie","status":"publish","type":"page","link":"https:\/\/dinfante.com\/de\/cookie-richtlinie\/","title":{"rendered":"Cookie-Richtlinie"},"content":{"rendered":"&#13;\n<p>Ein <em>Cookie<\/em> ist eine kleine Textdatei, die in Ihrem Browser gespeichert wird, wenn Sie fast jede Webseite besuchen. Sie dient dazu, dass die Webseite sich an Ihren Besuch erinnern kann, wenn Sie erneut auf dieser Seite surfen. <em>Cookies<\/em> speichern in der Regel technische Informationen, pers\u00f6nliche Pr\u00e4ferenzen, Personalisierung von Inhalten, Nutzungsstatistiken, Links zu sozialen Netzwerken, Zugriff auf Benutzerkonten usw. Das Ziel des <em>Cookies<\/em> ist es, den Inhalt der Webseite an Ihr Profil und Ihre Bed\u00fcrfnisse anzupassen. Ohne <em>Cookies<\/em> w\u00fcrden die von einer Seite angebotenen Dienste erheblich beeintr\u00e4chtigt. Wenn Sie weitere Informationen dar\u00fcber w\u00fcnschen, was <em>Cookies<\/em> sind, was sie speichern, wie man sie l\u00f6scht, deaktiviert usw., <a href=\"https:\/\/dinfante.com\/sobre-las-cookies\/\">bitten wir Sie, diesen Link aufzurufen.<\/a>    <\/p>&#13;\n&#13;\n<h3 class=\"wp-block-heading\">Auf dieser Webseite verwendete Cookies<\/h3>&#13;\n&#13;\n<p>In Anlehnung an die Richtlinien der spanischen Datenschutzbeh\u00f6rde erl\u00e4utern wir im Folgenden die Verwendung von <em>Cookies<\/em> auf dieser Webseite, um Sie so genau wie m\u00f6glich zu informieren.<\/p>&#13;\n&#13;\n<p>Diese Webseite verwendet die folgenden <strong>eigenen Cookies<\/strong>:<\/p>&#13;\n&#13;\n<ul class=\"wp-block-list\">&#13;\n<li>Sitzungscookies, um zu gew\u00e4hrleisten, dass die Nutzer, die Kommentare im Blog schreiben, Menschen und keine automatisierten Anwendungen sind. Auf diese Weise wird <em>Spam<\/em> bek\u00e4mpft. <\/li>&#13;\n<\/ul>&#13;\n&#13;\n<p>Diese Webseite verwendet die folgenden <strong>Cookies von Drittanbietern<\/strong>:<\/p>&#13;\n&#13;\n<ul class=\"wp-block-list\">&#13;\n<li>Google Analytics: Speichert <em>Cookies<\/em>, um Statistiken \u00fcber den Traffic und das Besuchsvolumen dieser Webseite erstellen zu k\u00f6nnen. Durch die Nutzung dieser Webseite stimmen Sie der Verarbeitung von Informationen \u00fcber Sie durch Google zu. Daher muss die Aus\u00fcbung jeglicher Rechte in diesem Zusammenhang direkt mit Google kommuniziert werden.  <\/li>&#13;\n<li>Soziale Netzwerke: Jedes soziale Netzwerk verwendet seine eigenen <em>Cookies<\/em>, damit Sie auf Schaltfl\u00e4chen wie <em>Gef\u00e4llt mir<\/em> oder <em>Teilen<\/em> klicken k\u00f6nnen.<\/li>&#13;\n<\/ul>&#13;\n&#13;\n<h3 class=\"wp-block-heading\">Deaktivierung oder L\u00f6schung von Cookies<\/h3>&#13;\n&#13;\n<p>Sie k\u00f6nnen jederzeit von Ihrem Recht auf Deaktivierung oder L\u00f6schung von Cookies von dieser Webseite Gebrauch machen. Diese Aktionen werden je nach verwendetem Browser unterschiedlich durchgef\u00fchrt. <a href=\"https:\/\/dinfante.com\/sobre-las-cookies\/#navegadores\">Hier ist eine Kurzanleitung f\u00fcr die g\u00e4ngigsten Browser<\/a>. <\/p>&#13;\n&#13;\n<h3 class=\"wp-block-heading\">Zus\u00e4tzliche Hinweise<\/h3>&#13;\n&#13;\n<ul class=\"wp-block-list\">&#13;\n<li>Weder diese Webseite noch ihre gesetzlichen Vertreter sind verantwortlich f\u00fcr den Inhalt oder die Richtigkeit der Datenschutzrichtlinien, die von den in dieser <em>Cookie<\/em>-Richtlinie genannten Dritten aufgestellt werden k\u00f6nnen.<\/li>&#13;\n<li>Webbrowser sind die Werkzeuge, die f\u00fcr die Speicherung von <em>Cookies<\/em> zust\u00e4ndig sind, und von dort aus m\u00fcssen Sie Ihr Recht auf L\u00f6schung oder Deaktivierung derselben aus\u00fcben. Weder diese Webseite noch ihre gesetzlichen Vertreter k\u00f6nnen die korrekte oder inkorrekte Handhabung der <em>Cookies<\/em> durch die genannten Browser garantieren. <\/li>&#13;\n<li>In einigen F\u00e4llen ist es notwendig, <em>Cookies<\/em> zu installieren, damit der Browser Ihre Entscheidung, diese nicht zu akzeptieren, nicht vergisst.<\/li>&#13;\n<li>Im Fall von <em>Cookies<\/em> von Google Analytics speichert dieses Unternehmen die <em>Cookies<\/em> auf Servern in den Vereinigten Staaten und verpflichtet sich, diese nicht an Dritte weiterzugeben, au\u00dfer in den F\u00e4llen, in denen dies f\u00fcr das Funktionieren des Systems erforderlich ist oder wenn das Gesetz dies vorschreibt. Laut Google wird Ihre IP-Adresse nicht gespeichert. Google Inc. ist ein Unternehmen, das dem Safe-Harbor-Abkommen beigetreten ist, das garantiert, dass alle \u00fcbertragenen Daten mit einem Schutzniveau behandelt werden, das den europ\u00e4ischen Vorschriften entspricht. Detaillierte Informationen hierzu finden Sie <a href=\"http:\/\/safeharbor.export.gov\/companyinfo.aspx?id=16626\" target=\"_blank\" rel=\"noreferrer noopener\">unter diesem Link<\/a>. Wenn Sie Informationen \u00fcber die Verwendung von Cookies durch Google w\u00fcnschen, <a href=\"https:\/\/developers.google.com\/analytics\/devguides\/collection\/analyticsjs\/cookie-usage?hl=escsw=1\" target=\"_blank\" rel=\"noreferrer noopener\">f\u00fcgen wir diesen anderen Link bei<\/a>.     <\/li>&#13;\n<li>Wenn Sie Fragen oder Anmerkungen zu dieser <em>Cookie<\/em>-Richtlinie haben, k\u00f6nnen Sie uns gerne \u00fcber den Kontaktbereich kontaktieren.<\/li>&#13;\n<\/ul>&#13;\n<p>[vc_row el_class=&#8220;cont_noresp&#8220; css=&#8220;.vc_custom_1686833440359{margin-bottom: 0px !important;padding-top: 70px !important;padding-bottom: 0px !important;}&#8220;][vc_column][vc_single_image image=&#8220;2036&#8243; img_size=&#8220;full&#8220; alignment=&#8220;center&#8220; css_animation=&#8220;none&#8220;]\n\t<div class=\"title-subtitle-box  wpb_animate_when_almost_visible wpb_fadeIn fadeIn vc_custom_1686832014268 \" style=\" text-align: center;\">\n\t\t<h4 style=\" font-size:21px; line-height: normal; color:#f1cd7f;  text-transform: uppercase; font-weight: 400; letter-spacing: 0px;\" >apoyamos la cultura de calidad<\/h4>\n\t<\/div> [vc_row_inner][vc_column_inner width=&#8220;1\/6&#8243;][\/vc_column_inner][vc_column_inner width=&#8220;2\/6&#8243;][vc_single_image image=&#8220;2042&#8243; img_size=&#8220;full&#8220; alignment=&#8220;center&#8220; onclick=&#8220;custom_link&#8220; img_link_target=&#8220;_blank&#8220; css_animation=&#8220;fadeInUp&#8220; link=&#8220;https:\/\/www.newurium.com&#8220;][\/vc_column_inner][vc_column_inner width=&#8220;2\/6&#8243;][vc_single_image image=&#8220;2043&#8243; img_size=&#8220;full&#8220; alignment=&#8220;center&#8220; css_animation=&#8220;fadeInUp&#8220;][\/vc_column_inner][vc_column_inner width=&#8220;1\/6&#8243;][\/vc_column_inner][\/vc_row_inner][vc_single_image image=&#8220;2037&#8243; img_size=&#8220;full&#8220; alignment=&#8220;center&#8220; css_animation=&#8220;none&#8220; css=&#8220;.vc_custom_1686832962313{margin-bottom: 0px !important;}&#8220;][\/vc_column][\/vc_row][vc_row el_class=&#8220;cont_resp&#8220; css=&#8220;.vc_custom_1686833449976{margin-bottom: 0px !important;padding-top: 70px !important;padding-bottom: 0px !important;}&#8220;][vc_column][vc_single_image image=&#8220;2046&#8243; img_size=&#8220;full&#8220; alignment=&#8220;center&#8220; css_animation=&#8220;none&#8220;]\n\t<div class=\"title-subtitle-box  wpb_animate_when_almost_visible wpb_fadeIn fadeIn vc_custom_1686832014268 \" style=\" text-align: center;\">\n\t\t<h4 style=\" font-size:21px; line-height: normal; color:#f1cd7f;  text-transform: uppercase; font-weight: 400; letter-spacing: 0px;\" >apoyamos la cultura de calidad<\/h4>\n\t<\/div> [vc_row_inner css=&#8220;.vc_custom_1686846556833{padding-right: 10% !important;padding-left: 10% !important;}&#8220;][vc_column_inner width=&#8220;1\/6&#8243;][\/vc_column_inner][vc_column_inner width=&#8220;2\/6&#8243;][vc_single_image image=&#8220;2042&#8243; img_size=&#8220;full&#8220; alignment=&#8220;center&#8220; onclick=&#8220;custom_link&#8220; img_link_target=&#8220;_blank&#8220; css_animation=&#8220;fadeInUp&#8220; link=&#8220;https:\/\/www.newurium.com&#8220;][\/vc_column_inner][vc_column_inner width=&#8220;2\/6&#8243;][vc_single_image image=&#8220;2043&#8243; img_size=&#8220;full&#8220; alignment=&#8220;center&#8220; css_animation=&#8220;fadeInUp&#8220;][\/vc_column_inner][vc_column_inner width=&#8220;1\/6&#8243;][\/vc_column_inner][\/vc_row_inner][vc_single_image image=&#8220;2047&#8243; img_size=&#8220;full&#8220; alignment=&#8220;center&#8220; css_animation=&#8220;none&#8220; css=&#8220;.vc_custom_1686832972067{margin-bottom: 0px !important;}&#8220;][\/vc_column][\/vc_row]<\/p>\n","protected":false},"excerpt":{"rendered":"<p>&#13; Ein Cookie ist eine kleine Textdatei, die in Ihrem Browser gespeichert wird, wenn Sie fast jede Webseite besuchen. Sie dient dazu, dass die Webseite sich an Ihren Besuch erinnern kann, wenn Sie erneut auf dieser Seite surfen. Cookies speichern in der Regel technische Informationen, pers\u00f6nliche Pr\u00e4ferenzen, Personalisierung von Inhalten, Nutzungsstatistiken, Links zu sozialen Netzwerken,<br class=\"read-more-spacer\"> <a class=\"more-link\" href=\"https:\/\/dinfante.com\/de\/cookie-richtlinie\/\">Read More<\/a><\/p>\n","protected":false},"author":1,"featured_media":0,"parent":0,"menu_order":0,"comment_status":"closed","ping_status":"closed","template":"","meta":{"footnotes":""},"class_list":["post-2973","page","type-page","status-publish","hentry"],"acf":[],"yoast_head":"<!-- This site is optimized with the Yoast SEO plugin v27.1.1 - https:\/\/yoast.com\/product\/yoast-seo-wordpress\/ -->\n<title>Cookie-Richtlinie - Bodegas Infante<\/title>\n<meta name=\"description\" content=\"Cookies verbessern Ihr Web-Erlebnis sch\u00fctzen Ihre Privatsph\u00e4re. Mehr Infos hier.\" \/>\n<meta name=\"robots\" content=\"index, follow, max-snippet:-1, max-image-preview:large, max-video-preview:-1\" \/>\n<link rel=\"canonical\" href=\"https:\/\/dinfante.com\/de\/cookie-richtlinie\/\" \/>\n<meta property=\"og:locale\" content=\"de_DE\" \/>\n<meta property=\"og:type\" content=\"article\" \/>\n<meta property=\"og:title\" content=\"Cookie-Richtlinie - Bodegas Infante\" \/>\n<meta property=\"og:description\" content=\"Cookies verbessern Ihr Web-Erlebnis sch\u00fctzen Ihre Privatsph\u00e4re. Mehr Infos hier.\" \/>\n<meta property=\"og:url\" content=\"https:\/\/dinfante.com\/de\/cookie-richtlinie\/\" \/>\n<meta property=\"og:site_name\" content=\"Bodegas Infante\" \/>\n<meta property=\"article:modified_time\" content=\"2025-07-08T17:52:55+00:00\" \/>\n<meta name=\"twitter:card\" content=\"summary_large_image\" \/>\n<meta name=\"twitter:label1\" content=\"Gesch\u00e4tzte Lesezeit\" \/>\n\t<meta name=\"twitter:data1\" content=\"5\u00a0Minuten\" \/>\n<script type=\"application\/ld+json\" class=\"yoast-schema-graph\">{\"@context\":\"https:\/\/schema.org\",\"@graph\":[{\"@type\":\"WebPage\",\"@id\":\"https:\/\/dinfante.com\/de\/cookie-richtlinie\/\",\"url\":\"https:\/\/dinfante.com\/de\/cookie-richtlinie\/\",\"name\":\"Cookie-Richtlinie - Bodegas Infante\",\"isPartOf\":{\"@id\":\"https:\/\/dinfante.com\/de\/#website\"},\"datePublished\":\"2021-02-03T10:47:24+00:00\",\"dateModified\":\"2025-07-08T17:52:55+00:00\",\"description\":\"Cookies verbessern Ihr Web-Erlebnis sch\u00fctzen Ihre Privatsph\u00e4re. Mehr Infos hier.\",\"breadcrumb\":{\"@id\":\"https:\/\/dinfante.com\/de\/cookie-richtlinie\/#breadcrumb\"},\"inLanguage\":\"de\",\"potentialAction\":[{\"@type\":\"ReadAction\",\"target\":[\"https:\/\/dinfante.com\/de\/cookie-richtlinie\/\"]}]},{\"@type\":\"BreadcrumbList\",\"@id\":\"https:\/\/dinfante.com\/de\/cookie-richtlinie\/#breadcrumb\",\"itemListElement\":[{\"@type\":\"ListItem\",\"position\":1,\"name\":\"Portada\",\"item\":\"https:\/\/dinfante.com\/de\/\"},{\"@type\":\"ListItem\",\"position\":2,\"name\":\"Cookie-Richtlinie\"}]},{\"@type\":\"WebSite\",\"@id\":\"https:\/\/dinfante.com\/de\/#website\",\"url\":\"https:\/\/dinfante.com\/de\/\",\"name\":\"Bodegas Infante\",\"description\":\"Artesanos del Brandy y vinos\",\"publisher\":{\"@id\":\"https:\/\/dinfante.com\/de\/#organization\"},\"potentialAction\":[{\"@type\":\"SearchAction\",\"target\":{\"@type\":\"EntryPoint\",\"urlTemplate\":\"https:\/\/dinfante.com\/de\/?s={search_term_string}\"},\"query-input\":{\"@type\":\"PropertyValueSpecification\",\"valueRequired\":true,\"valueName\":\"search_term_string\"}}],\"inLanguage\":\"de\"},{\"@type\":\"Organization\",\"@id\":\"https:\/\/dinfante.com\/de\/#organization\",\"name\":\"Bodegas Infante\",\"url\":\"https:\/\/dinfante.com\/de\/\",\"logo\":{\"@type\":\"ImageObject\",\"inLanguage\":\"de\",\"@id\":\"https:\/\/dinfante.com\/de\/#\/schema\/logo\/image\/\",\"url\":\"https:\/\/dinfante.com\/wp-content\/uploads\/2021\/04\/cabecera_tienda.jpg\",\"contentUrl\":\"https:\/\/dinfante.com\/wp-content\/uploads\/2021\/04\/cabecera_tienda.jpg\",\"width\":600,\"height\":151,\"caption\":\"Bodegas Infante\"},\"image\":{\"@id\":\"https:\/\/dinfante.com\/de\/#\/schema\/logo\/image\/\"}}]}<\/script>\n<!-- \/ Yoast SEO plugin. -->","yoast_head_json":{"title":"Cookie-Richtlinie - Bodegas Infante","description":"Cookies verbessern Ihr Web-Erlebnis sch\u00fctzen Ihre Privatsph\u00e4re. Mehr Infos hier.","robots":{"index":"index","follow":"follow","max-snippet":"max-snippet:-1","max-image-preview":"max-image-preview:large","max-video-preview":"max-video-preview:-1"},"canonical":"https:\/\/dinfante.com\/de\/cookie-richtlinie\/","og_locale":"de_DE","og_type":"article","og_title":"Cookie-Richtlinie - Bodegas Infante","og_description":"Cookies verbessern Ihr Web-Erlebnis sch\u00fctzen Ihre Privatsph\u00e4re. Mehr Infos hier.","og_url":"https:\/\/dinfante.com\/de\/cookie-richtlinie\/","og_site_name":"Bodegas Infante","article_modified_time":"2025-07-08T17:52:55+00:00","twitter_card":"summary_large_image","twitter_misc":{"Gesch\u00e4tzte Lesezeit":"5\u00a0Minuten"},"schema":{"@context":"https:\/\/schema.org","@graph":[{"@type":"WebPage","@id":"https:\/\/dinfante.com\/de\/cookie-richtlinie\/","url":"https:\/\/dinfante.com\/de\/cookie-richtlinie\/","name":"Cookie-Richtlinie - Bodegas Infante","isPartOf":{"@id":"https:\/\/dinfante.com\/de\/#website"},"datePublished":"2021-02-03T10:47:24+00:00","dateModified":"2025-07-08T17:52:55+00:00","description":"Cookies verbessern Ihr Web-Erlebnis sch\u00fctzen Ihre Privatsph\u00e4re. Mehr Infos hier.","breadcrumb":{"@id":"https:\/\/dinfante.com\/de\/cookie-richtlinie\/#breadcrumb"},"inLanguage":"de","potentialAction":[{"@type":"ReadAction","target":["https:\/\/dinfante.com\/de\/cookie-richtlinie\/"]}]},{"@type":"BreadcrumbList","@id":"https:\/\/dinfante.com\/de\/cookie-richtlinie\/#breadcrumb","itemListElement":[{"@type":"ListItem","position":1,"name":"Portada","item":"https:\/\/dinfante.com\/de\/"},{"@type":"ListItem","position":2,"name":"Cookie-Richtlinie"}]},{"@type":"WebSite","@id":"https:\/\/dinfante.com\/de\/#website","url":"https:\/\/dinfante.com\/de\/","name":"Bodegas Infante","description":"Artesanos del Brandy y vinos","publisher":{"@id":"https:\/\/dinfante.com\/de\/#organization"},"potentialAction":[{"@type":"SearchAction","target":{"@type":"EntryPoint","urlTemplate":"https:\/\/dinfante.com\/de\/?s={search_term_string}"},"query-input":{"@type":"PropertyValueSpecification","valueRequired":true,"valueName":"search_term_string"}}],"inLanguage":"de"},{"@type":"Organization","@id":"https:\/\/dinfante.com\/de\/#organization","name":"Bodegas Infante","url":"https:\/\/dinfante.com\/de\/","logo":{"@type":"ImageObject","inLanguage":"de","@id":"https:\/\/dinfante.com\/de\/#\/schema\/logo\/image\/","url":"https:\/\/dinfante.com\/wp-content\/uploads\/2021\/04\/cabecera_tienda.jpg","contentUrl":"https:\/\/dinfante.com\/wp-content\/uploads\/2021\/04\/cabecera_tienda.jpg","width":600,"height":151,"caption":"Bodegas Infante"},"image":{"@id":"https:\/\/dinfante.com\/de\/#\/schema\/logo\/image\/"}}]}},"_links":{"self":[{"href":"https:\/\/dinfante.com\/de\/wp-json\/wp\/v2\/pages\/2973","targetHints":{"allow":["GET"]}}],"collection":[{"href":"https:\/\/dinfante.com\/de\/wp-json\/wp\/v2\/pages"}],"about":[{"href":"https:\/\/dinfante.com\/de\/wp-json\/wp\/v2\/types\/page"}],"author":[{"embeddable":true,"href":"https:\/\/dinfante.com\/de\/wp-json\/wp\/v2\/users\/1"}],"replies":[{"embeddable":true,"href":"https:\/\/dinfante.com\/de\/wp-json\/wp\/v2\/comments?post=2973"}],"version-history":[{"count":1,"href":"https:\/\/dinfante.com\/de\/wp-json\/wp\/v2\/pages\/2973\/revisions"}],"predecessor-version":[{"id":2974,"href":"https:\/\/dinfante.com\/de\/wp-json\/wp\/v2\/pages\/2973\/revisions\/2974"}],"wp:attachment":[{"href":"https:\/\/dinfante.com\/de\/wp-json\/wp\/v2\/media?parent=2973"}],"curies":[{"name":"wp","href":"https:\/\/api.w.org\/{rel}","templated":true}]}}