{"id":3075,"date":"2017-06-19T20:00:55","date_gmt":"2017-06-19T20:00:55","guid":{"rendered":"https:\/\/dinfante.com\/producto\/gran-infante-real-1870\/"},"modified":"2025-07-08T17:53:54","modified_gmt":"2025-07-08T17:53:54","slug":"gran-infante-real-1870","status":"publish","type":"product","link":"https:\/\/dinfante.com\/de\/producto\/gran-infante-real-1870\/","title":{"rendered":"GRAN INFANTE REAL 1870"},"content":{"rendered":"<p>[vc_row css=&#8220;.vc_custom_1610395611398{padding-top: 5% !important;padding-right: 5% !important;padding-bottom: 5% !important;padding-left: 5% !important;background-color: #106f64 !important;}&#8220;][vc_column][vc_tta_tabs style=&#8220;theme&#8220; alignment=&#8220;center&#8220; active_section=&#8220;1&#8243;][vc_tta_section title=&#8220;EIGENSCHAFTEN&#8220; tab_id=&#8220;caracter\u00edsticas&#8220;][vc_column_text]Gran Infante Real 1870 ist der \u00e4lteste und selektivste Brandy der <a href=\"https:\/\/dinfante.com\/de\/unsere-geschichte\/\">Bodega<\/a>, mit \u00fcber 100 Jahren. Ein einzigartiger und authentischer Brandy, der durch den langsamen Lauf der Zeit und die sorgf\u00e4ltigen H\u00e4nde des Handwerksmeisters Bodeguero exklusiv f\u00fcr Sie geschaffen wurde, damit Sie die unvergessliche sensorische Erfahrung machen k\u00f6nnen, diesen luxuri\u00f6sen Brandy zu genie\u00dfen. <a href=\"https:\/\/gemabur.com\/\"><strong>Fotocredit<\/strong><\/a>.[\/vc_column_text][\/vc_tta_section][vc_tta_section title=&#8220;HERSTELLUNG&#8220; tab_id=&#8220;elaboraci\u00f3n&#8220;][vc_column_text]Die Herstellung dieses Brandys ist das Ergebnis der Erfahrung und Tradition unserer Bodega.<\/p>\n<p>Unser Brandy Gran Infante Real 1870 hat den Geist eines Eroberers. Der Lauf der Jahre in unseren jahrhundertealten F\u00e4ssern hat jede seiner Nuancen gemei\u00dfelt, so wie das Meer mit jeder seiner Wellen verlorene Paradiese in den entlegensten Winkeln der Welt erschafft. Lassen Sie sich von seinem Geschmack erobern und genie\u00dfen Sie unvergessliche Empfindungen auf der ganzen Welt.[\/vc_column_text][\/vc_tta_section][vc_tta_section title=&#8220;PASST ZU&#8220; tab_id=&#8220;maridaje&#8220;][vc_column_text]Wie trinkt man Brandy?<\/p>\n<p>Gran Infante Real 1870 passt ideal zu Trockenfr\u00fcchten und nach einem guten Kaffee.<\/p>\n<p>Lassen Sie sich von diesem Brandy durch die Jahre transportieren, der Sie mit dem reichen Erbe der Bodega verbindet und Ihnen eine einzigartige Gelegenheit bietet, einen Moment des Vergn\u00fcgens zu genie\u00dfen. Jeder Schluck ist eine Einladung, die in jedem Tropfen destillierte Geschichte zu erkunden und die Magie zu genie\u00dfen, die nur Gran Infante Real 1870 bieten kann.[\/vc_column_text][\/vc_tta_section][\/vc_tta_tabs][\/vc_column][\/vc_row][vc_row full_width=&#8220;stretch_row_content&#8220; css=&#8220;.vc_custom_1611343624005{padding-right: 15px !important;padding-left: 15px !important;}&#8220;][vc_column]\n\t<div class=\" img_shop_productos\">\n\t<div class=\"gg_images_slider\">\n\t<div  data-slick='{  \"slidesToShow\": 3,  \"arrows\": false,  \"dots\": true,  \"autoplay\": true,  \"infinite\": true,  \"slidesToScroll\": 1,  \"responsive\": [{\"breakpoint\": 1024, \"settings\": {\"slidesToShow\": 3, \"slidesToScroll\": 1}}, {\"breakpoint\": 600, \"settings\": {\"slidesToShow\": 2, \"slidesToScroll\": 1}}, {\"breakpoint\": 480, \"settings\": {\"slidesToShow\": 1, \"slidesToScroll\": 1}}]  }'  class=\"el-grid no_magnific products row gg-slick-carousel \" data-layout-mode=\"fitRows\" data-pagination=\"\"><div class=\"3\"><img loading=\"lazy\" decoding=\"async\" width=\"1200\" height=\"1194\" src=\"https:\/\/dinfante.com\/wp-content\/uploads\/2017\/06\/botella-oblicua.jpg\" class=\"attachment-full\" alt=\"botella oblicua gran infante real 1870\" title=\"botella oblicua\" srcset=\"https:\/\/dinfante.com\/wp-content\/uploads\/2017\/06\/botella-oblicua.jpg 1200w, https:\/\/dinfante.com\/wp-content\/uploads\/2017\/06\/botella-oblicua-300x300.jpg 300w, https:\/\/dinfante.com\/wp-content\/uploads\/2017\/06\/botella-oblicua-1024x1019.jpg 1024w, https:\/\/dinfante.com\/wp-content\/uploads\/2017\/06\/botella-oblicua-150x150.jpg 150w, https:\/\/dinfante.com\/wp-content\/uploads\/2017\/06\/botella-oblicua-768x764.jpg 768w, https:\/\/dinfante.com\/wp-content\/uploads\/2017\/06\/botella-oblicua-140x140.jpg 140w\" sizes=\"auto, (max-width: 1200px) 100vw, 1200px\" \/><\/div><div class=\"3\"><img loading=\"lazy\" decoding=\"async\" width=\"1200\" height=\"1194\" src=\"https:\/\/dinfante.com\/wp-content\/uploads\/2017\/06\/botella.jpg\" class=\"attachment-full\" alt=\"botella gran infante real 1870\" title=\"botella\" srcset=\"https:\/\/dinfante.com\/wp-content\/uploads\/2017\/06\/botella.jpg 1200w, https:\/\/dinfante.com\/wp-content\/uploads\/2017\/06\/botella-300x300.jpg 300w, https:\/\/dinfante.com\/wp-content\/uploads\/2017\/06\/botella-1024x1019.jpg 1024w, https:\/\/dinfante.com\/wp-content\/uploads\/2017\/06\/botella-150x150.jpg 150w, https:\/\/dinfante.com\/wp-content\/uploads\/2017\/06\/botella-768x764.jpg 768w, https:\/\/dinfante.com\/wp-content\/uploads\/2017\/06\/botella-140x140.jpg 140w\" sizes=\"auto, (max-width: 1200px) 100vw, 1200px\" \/><\/div><div class=\"3\"><img loading=\"lazy\" decoding=\"async\" width=\"1200\" height=\"1194\" src=\"https:\/\/dinfante.com\/wp-content\/uploads\/2017\/06\/detalle-etiqueta.jpg\" class=\"attachment-full\" alt=\"\" title=\"detalle etiqueta\" srcset=\"https:\/\/dinfante.com\/wp-content\/uploads\/2017\/06\/detalle-etiqueta.jpg 1200w, https:\/\/dinfante.com\/wp-content\/uploads\/2017\/06\/detalle-etiqueta-300x300.jpg 300w, https:\/\/dinfante.com\/wp-content\/uploads\/2017\/06\/detalle-etiqueta-1024x1019.jpg 1024w, https:\/\/dinfante.com\/wp-content\/uploads\/2017\/06\/detalle-etiqueta-150x150.jpg 150w, https:\/\/dinfante.com\/wp-content\/uploads\/2017\/06\/detalle-etiqueta-768x764.jpg 768w, https:\/\/dinfante.com\/wp-content\/uploads\/2017\/06\/detalle-etiqueta-140x140.jpg 140w\" sizes=\"auto, (max-width: 1200px) 100vw, 1200px\" \/><\/div><div class=\"3\"><img loading=\"lazy\" decoding=\"async\" width=\"1200\" height=\"1194\" src=\"https:\/\/dinfante.com\/wp-content\/uploads\/2017\/06\/botella-y-caja.jpg\" class=\"attachment-full\" alt=\"\" title=\"botella y caja\" srcset=\"https:\/\/dinfante.com\/wp-content\/uploads\/2017\/06\/botella-y-caja.jpg 1200w, https:\/\/dinfante.com\/wp-content\/uploads\/2017\/06\/botella-y-caja-300x300.jpg 300w, https:\/\/dinfante.com\/wp-content\/uploads\/2017\/06\/botella-y-caja-1024x1019.jpg 1024w, https:\/\/dinfante.com\/wp-content\/uploads\/2017\/06\/botella-y-caja-150x150.jpg 150w, https:\/\/dinfante.com\/wp-content\/uploads\/2017\/06\/botella-y-caja-768x764.jpg 768w, https:\/\/dinfante.com\/wp-content\/uploads\/2017\/06\/botella-y-caja-140x140.jpg 140w\" sizes=\"auto, (max-width: 1200px) 100vw, 1200px\" \/><\/div><div class=\"3\"><img loading=\"lazy\" decoding=\"async\" width=\"1200\" height=\"1194\" src=\"https:\/\/dinfante.com\/wp-content\/uploads\/2017\/06\/detalle-corbata.jpg\" class=\"attachment-full\" alt=\"\" title=\"detalle corbata\" srcset=\"https:\/\/dinfante.com\/wp-content\/uploads\/2017\/06\/detalle-corbata.jpg 1200w, https:\/\/dinfante.com\/wp-content\/uploads\/2017\/06\/detalle-corbata-300x300.jpg 300w, https:\/\/dinfante.com\/wp-content\/uploads\/2017\/06\/detalle-corbata-1024x1019.jpg 1024w, https:\/\/dinfante.com\/wp-content\/uploads\/2017\/06\/detalle-corbata-150x150.jpg 150w, https:\/\/dinfante.com\/wp-content\/uploads\/2017\/06\/detalle-corbata-768x764.jpg 768w, https:\/\/dinfante.com\/wp-content\/uploads\/2017\/06\/detalle-corbata-140x140.jpg 140w\" sizes=\"auto, (max-width: 1200px) 100vw, 1200px\" \/><\/div><div class=\"3\"><img loading=\"lazy\" decoding=\"async\" width=\"1200\" height=\"1194\" src=\"https:\/\/dinfante.com\/wp-content\/uploads\/2017\/06\/detalle-botella-y-caja.jpg\" class=\"attachment-full\" alt=\"detalle botella y caja Gran Infante Real 1870\" title=\"detalle botella y caja\" srcset=\"https:\/\/dinfante.com\/wp-content\/uploads\/2017\/06\/detalle-botella-y-caja.jpg 1200w, https:\/\/dinfante.com\/wp-content\/uploads\/2017\/06\/detalle-botella-y-caja-300x300.jpg 300w, https:\/\/dinfante.com\/wp-content\/uploads\/2017\/06\/detalle-botella-y-caja-1024x1019.jpg 1024w, https:\/\/dinfante.com\/wp-content\/uploads\/2017\/06\/detalle-botella-y-caja-150x150.jpg 150w, https:\/\/dinfante.com\/wp-content\/uploads\/2017\/06\/detalle-botella-y-caja-768x764.jpg 768w, https:\/\/dinfante.com\/wp-content\/uploads\/2017\/06\/detalle-botella-y-caja-140x140.jpg 140w\" sizes=\"auto, (max-width: 1200px) 100vw, 1200px\" \/><\/div><div class=\"3\"><img loading=\"lazy\" decoding=\"async\" width=\"1200\" height=\"1194\" src=\"https:\/\/dinfante.com\/wp-content\/uploads\/2017\/06\/botella-tumbada.jpg\" class=\"attachment-full\" alt=\"Gran Infante Real 1870 botella tumbada\" title=\"botella tumbada\" srcset=\"https:\/\/dinfante.com\/wp-content\/uploads\/2017\/06\/botella-tumbada.jpg 1200w, https:\/\/dinfante.com\/wp-content\/uploads\/2017\/06\/botella-tumbada-300x300.jpg 300w, https:\/\/dinfante.com\/wp-content\/uploads\/2017\/06\/botella-tumbada-1024x1019.jpg 1024w, https:\/\/dinfante.com\/wp-content\/uploads\/2017\/06\/botella-tumbada-150x150.jpg 150w, https:\/\/dinfante.com\/wp-content\/uploads\/2017\/06\/botella-tumbada-768x764.jpg 768w, https:\/\/dinfante.com\/wp-content\/uploads\/2017\/06\/botella-tumbada-140x140.jpg 140w\" sizes=\"auto, (max-width: 1200px) 100vw, 1200px\" \/><\/div><div class=\"3\"><img loading=\"lazy\" decoding=\"async\" width=\"1200\" height=\"1194\" src=\"https:\/\/dinfante.com\/wp-content\/uploads\/2017\/06\/sello-caja.jpg\" class=\"attachment-full\" alt=\"\" title=\"sello caja\" srcset=\"https:\/\/dinfante.com\/wp-content\/uploads\/2017\/06\/sello-caja.jpg 1200w, https:\/\/dinfante.com\/wp-content\/uploads\/2017\/06\/sello-caja-300x300.jpg 300w, https:\/\/dinfante.com\/wp-content\/uploads\/2017\/06\/sello-caja-1024x1019.jpg 1024w, https:\/\/dinfante.com\/wp-content\/uploads\/2017\/06\/sello-caja-150x150.jpg 150w, https:\/\/dinfante.com\/wp-content\/uploads\/2017\/06\/sello-caja-768x764.jpg 768w, https:\/\/dinfante.com\/wp-content\/uploads\/2017\/06\/sello-caja-140x140.jpg 140w\" sizes=\"auto, (max-width: 1200px) 100vw, 1200px\" \/><\/div><div class=\"3\"><img loading=\"lazy\" decoding=\"async\" width=\"1200\" height=\"1194\" src=\"https:\/\/dinfante.com\/wp-content\/uploads\/2017\/06\/detallecaja.jpg\" class=\"attachment-full\" alt=\"Gran Infante Real 1870\" title=\"detallecaja\" srcset=\"https:\/\/dinfante.com\/wp-content\/uploads\/2017\/06\/detallecaja.jpg 1200w, https:\/\/dinfante.com\/wp-content\/uploads\/2017\/06\/detallecaja-300x300.jpg 300w, https:\/\/dinfante.com\/wp-content\/uploads\/2017\/06\/detallecaja-1024x1019.jpg 1024w, https:\/\/dinfante.com\/wp-content\/uploads\/2017\/06\/detallecaja-150x150.jpg 150w, https:\/\/dinfante.com\/wp-content\/uploads\/2017\/06\/detallecaja-768x764.jpg 768w, https:\/\/dinfante.com\/wp-content\/uploads\/2017\/06\/detallecaja-140x140.jpg 140w\" sizes=\"auto, (max-width: 1200px) 100vw, 1200px\" \/><\/div>\n\t<\/div>\n\t<\/div>\n\t<\/div>[\/vc_column][\/vc_row]<\/p>\n","protected":false},"excerpt":{"rendered":"<p>Dieser Brandy ist das erlesenste Produkt unserer Bodegas. In ihm werden die \u00e4ltesten Brandys mit \u00fcber 100 Jahre alten Oloroso-Weinen, alten Holandas und gealtertem Almonte-Farbwein vermischt, die aus der Gr\u00fcndungszeit der Ursprungsbodega stammen.<\/p>\n","protected":false},"featured_media":3086,"template":"","meta":[],"product_brand":[],"product_cat":[61],"product_tag":[],"class_list":{"0":"post-3075","1":"product","2":"type-product","3":"status-publish","4":"has-post-thumbnail","6":"product_cat-premium-de","8":"first","9":"instock","10":"taxable","11":"shipping-taxable","12":"purchasable","13":"product-type-simple"},"acf":[],"yoast_head":"<!-- This site is optimized with the Yoast SEO plugin v27.1.1 - https:\/\/yoast.com\/product\/yoast-seo-wordpress\/ -->\n<title>GRAN INFANTE REAL 1870 - Bodegas Infante<\/title>\n<meta name=\"description\" content=\"In Gran Infante Real 1870 werden die \u00e4ltesten Brandys mit \u00fcber 100 Jahre alten Oloroso-Weinen, alten Holandas und gealtertem Almonte-Farbwein vermischt.\" \/>\n<meta name=\"robots\" content=\"index, follow, max-snippet:-1, max-image-preview:large, max-video-preview:-1\" \/>\n<link rel=\"canonical\" href=\"https:\/\/dinfante.com\/de\/producto\/gran-infante-real-1870\/\" \/>\n<meta property=\"og:locale\" content=\"de_DE\" \/>\n<meta property=\"og:type\" content=\"article\" \/>\n<meta property=\"og:title\" content=\"GRAN INFANTE REAL 1870 - Bodegas Infante\" \/>\n<meta property=\"og:description\" content=\"In Gran Infante Real 1870 werden die \u00e4ltesten Brandys mit \u00fcber 100 Jahre alten Oloroso-Weinen, alten Holandas und gealtertem Almonte-Farbwein vermischt.\" \/>\n<meta property=\"og:url\" content=\"https:\/\/dinfante.com\/de\/producto\/gran-infante-real-1870\/\" \/>\n<meta property=\"og:site_name\" content=\"Bodegas Infante\" \/>\n<meta property=\"article:modified_time\" content=\"2025-07-08T17:53:54+00:00\" \/>\n<meta property=\"og:image\" content=\"https:\/\/dinfante.com\/wp-content\/uploads\/2017\/06\/prod-gran-real-infante4.png\" \/>\n\t<meta property=\"og:image:width\" content=\"500\" \/>\n\t<meta property=\"og:image:height\" content=\"828\" \/>\n\t<meta property=\"og:image:type\" content=\"image\/png\" \/>\n<meta name=\"twitter:card\" content=\"summary_large_image\" \/>\n<meta name=\"twitter:label1\" content=\"Gesch\u00e4tzte Lesezeit\" \/>\n\t<meta name=\"twitter:data1\" content=\"2\u00a0Minuten\" \/>\n<script type=\"application\/ld+json\" class=\"yoast-schema-graph\">{\"@context\":\"https:\/\/schema.org\",\"@graph\":[{\"@type\":\"WebPage\",\"@id\":\"https:\/\/dinfante.com\/de\/producto\/gran-infante-real-1870\/\",\"url\":\"https:\/\/dinfante.com\/de\/producto\/gran-infante-real-1870\/\",\"name\":\"GRAN INFANTE REAL 1870 - Bodegas Infante\",\"isPartOf\":{\"@id\":\"https:\/\/dinfante.com\/de\/#website\"},\"primaryImageOfPage\":{\"@id\":\"https:\/\/dinfante.com\/de\/producto\/gran-infante-real-1870\/#primaryimage\"},\"image\":{\"@id\":\"https:\/\/dinfante.com\/de\/producto\/gran-infante-real-1870\/#primaryimage\"},\"thumbnailUrl\":\"https:\/\/dinfante.com\/wp-content\/uploads\/2017\/06\/prod-gran-real-infante4.png\",\"datePublished\":\"2017-06-19T20:00:55+00:00\",\"dateModified\":\"2025-07-08T17:53:54+00:00\",\"description\":\"In Gran Infante Real 1870 werden die \u00e4ltesten Brandys mit \u00fcber 100 Jahre alten Oloroso-Weinen, alten Holandas und gealtertem Almonte-Farbwein vermischt.\",\"breadcrumb\":{\"@id\":\"https:\/\/dinfante.com\/de\/producto\/gran-infante-real-1870\/#breadcrumb\"},\"inLanguage\":\"de\",\"potentialAction\":[{\"@type\":\"ReadAction\",\"target\":[\"https:\/\/dinfante.com\/de\/producto\/gran-infante-real-1870\/\"]}]},{\"@type\":\"ImageObject\",\"inLanguage\":\"de\",\"@id\":\"https:\/\/dinfante.com\/de\/producto\/gran-infante-real-1870\/#primaryimage\",\"url\":\"https:\/\/dinfante.com\/wp-content\/uploads\/2017\/06\/prod-gran-real-infante4.png\",\"contentUrl\":\"https:\/\/dinfante.com\/wp-content\/uploads\/2017\/06\/prod-gran-real-infante4.png\",\"width\":500,\"height\":828,\"caption\":\"Brandy Gran Infante Real 1870 Premium\"},{\"@type\":\"BreadcrumbList\",\"@id\":\"https:\/\/dinfante.com\/de\/producto\/gran-infante-real-1870\/#breadcrumb\",\"itemListElement\":[{\"@type\":\"ListItem\",\"position\":1,\"name\":\"Portada\",\"item\":\"https:\/\/dinfante.com\/de\/\"},{\"@type\":\"ListItem\",\"position\":2,\"name\":\"Tienda\",\"item\":\"https:\/\/dinfante.com\/en\/shop\/\"},{\"@type\":\"ListItem\",\"position\":3,\"name\":\"GRAN INFANTE REAL 1870\"}]},{\"@type\":\"WebSite\",\"@id\":\"https:\/\/dinfante.com\/de\/#website\",\"url\":\"https:\/\/dinfante.com\/de\/\",\"name\":\"Bodegas Infante\",\"description\":\"Artesanos del Brandy y vinos\",\"publisher\":{\"@id\":\"https:\/\/dinfante.com\/de\/#organization\"},\"potentialAction\":[{\"@type\":\"SearchAction\",\"target\":{\"@type\":\"EntryPoint\",\"urlTemplate\":\"https:\/\/dinfante.com\/de\/?s={search_term_string}\"},\"query-input\":{\"@type\":\"PropertyValueSpecification\",\"valueRequired\":true,\"valueName\":\"search_term_string\"}}],\"inLanguage\":\"de\"},{\"@type\":\"Organization\",\"@id\":\"https:\/\/dinfante.com\/de\/#organization\",\"name\":\"Bodegas Infante\",\"url\":\"https:\/\/dinfante.com\/de\/\",\"logo\":{\"@type\":\"ImageObject\",\"inLanguage\":\"de\",\"@id\":\"https:\/\/dinfante.com\/de\/#\/schema\/logo\/image\/\",\"url\":\"https:\/\/dinfante.com\/wp-content\/uploads\/2021\/04\/cabecera_tienda.jpg\",\"contentUrl\":\"https:\/\/dinfante.com\/wp-content\/uploads\/2021\/04\/cabecera_tienda.jpg\",\"width\":600,\"height\":151,\"caption\":\"Bodegas Infante\"},\"image\":{\"@id\":\"https:\/\/dinfante.com\/de\/#\/schema\/logo\/image\/\"}}]}<\/script>\n<!-- \/ Yoast SEO plugin. -->","yoast_head_json":{"title":"GRAN INFANTE REAL 1870 - Bodegas Infante","description":"In Gran Infante Real 1870 werden die \u00e4ltesten Brandys mit \u00fcber 100 Jahre alten Oloroso-Weinen, alten Holandas und gealtertem Almonte-Farbwein vermischt.","robots":{"index":"index","follow":"follow","max-snippet":"max-snippet:-1","max-image-preview":"max-image-preview:large","max-video-preview":"max-video-preview:-1"},"canonical":"https:\/\/dinfante.com\/de\/producto\/gran-infante-real-1870\/","og_locale":"de_DE","og_type":"article","og_title":"GRAN INFANTE REAL 1870 - Bodegas Infante","og_description":"In Gran Infante Real 1870 werden die \u00e4ltesten Brandys mit \u00fcber 100 Jahre alten Oloroso-Weinen, alten Holandas und gealtertem Almonte-Farbwein vermischt.","og_url":"https:\/\/dinfante.com\/de\/producto\/gran-infante-real-1870\/","og_site_name":"Bodegas Infante","article_modified_time":"2025-07-08T17:53:54+00:00","og_image":[{"width":500,"height":828,"url":"https:\/\/dinfante.com\/wp-content\/uploads\/2017\/06\/prod-gran-real-infante4.png","type":"image\/png"}],"twitter_card":"summary_large_image","twitter_misc":{"Gesch\u00e4tzte Lesezeit":"2\u00a0Minuten"},"schema":{"@context":"https:\/\/schema.org","@graph":[{"@type":"WebPage","@id":"https:\/\/dinfante.com\/de\/producto\/gran-infante-real-1870\/","url":"https:\/\/dinfante.com\/de\/producto\/gran-infante-real-1870\/","name":"GRAN INFANTE REAL 1870 - Bodegas Infante","isPartOf":{"@id":"https:\/\/dinfante.com\/de\/#website"},"primaryImageOfPage":{"@id":"https:\/\/dinfante.com\/de\/producto\/gran-infante-real-1870\/#primaryimage"},"image":{"@id":"https:\/\/dinfante.com\/de\/producto\/gran-infante-real-1870\/#primaryimage"},"thumbnailUrl":"https:\/\/dinfante.com\/wp-content\/uploads\/2017\/06\/prod-gran-real-infante4.png","datePublished":"2017-06-19T20:00:55+00:00","dateModified":"2025-07-08T17:53:54+00:00","description":"In Gran Infante Real 1870 werden die \u00e4ltesten Brandys mit \u00fcber 100 Jahre alten Oloroso-Weinen, alten Holandas und gealtertem Almonte-Farbwein vermischt.","breadcrumb":{"@id":"https:\/\/dinfante.com\/de\/producto\/gran-infante-real-1870\/#breadcrumb"},"inLanguage":"de","potentialAction":[{"@type":"ReadAction","target":["https:\/\/dinfante.com\/de\/producto\/gran-infante-real-1870\/"]}]},{"@type":"ImageObject","inLanguage":"de","@id":"https:\/\/dinfante.com\/de\/producto\/gran-infante-real-1870\/#primaryimage","url":"https:\/\/dinfante.com\/wp-content\/uploads\/2017\/06\/prod-gran-real-infante4.png","contentUrl":"https:\/\/dinfante.com\/wp-content\/uploads\/2017\/06\/prod-gran-real-infante4.png","width":500,"height":828,"caption":"Brandy Gran Infante Real 1870 Premium"},{"@type":"BreadcrumbList","@id":"https:\/\/dinfante.com\/de\/producto\/gran-infante-real-1870\/#breadcrumb","itemListElement":[{"@type":"ListItem","position":1,"name":"Portada","item":"https:\/\/dinfante.com\/de\/"},{"@type":"ListItem","position":2,"name":"Tienda","item":"https:\/\/dinfante.com\/en\/shop\/"},{"@type":"ListItem","position":3,"name":"GRAN INFANTE REAL 1870"}]},{"@type":"WebSite","@id":"https:\/\/dinfante.com\/de\/#website","url":"https:\/\/dinfante.com\/de\/","name":"Bodegas Infante","description":"Artesanos del Brandy y vinos","publisher":{"@id":"https:\/\/dinfante.com\/de\/#organization"},"potentialAction":[{"@type":"SearchAction","target":{"@type":"EntryPoint","urlTemplate":"https:\/\/dinfante.com\/de\/?s={search_term_string}"},"query-input":{"@type":"PropertyValueSpecification","valueRequired":true,"valueName":"search_term_string"}}],"inLanguage":"de"},{"@type":"Organization","@id":"https:\/\/dinfante.com\/de\/#organization","name":"Bodegas Infante","url":"https:\/\/dinfante.com\/de\/","logo":{"@type":"ImageObject","inLanguage":"de","@id":"https:\/\/dinfante.com\/de\/#\/schema\/logo\/image\/","url":"https:\/\/dinfante.com\/wp-content\/uploads\/2021\/04\/cabecera_tienda.jpg","contentUrl":"https:\/\/dinfante.com\/wp-content\/uploads\/2021\/04\/cabecera_tienda.jpg","width":600,"height":151,"caption":"Bodegas Infante"},"image":{"@id":"https:\/\/dinfante.com\/de\/#\/schema\/logo\/image\/"}}]}},"_links":{"self":[{"href":"https:\/\/dinfante.com\/de\/wp-json\/wp\/v2\/product\/3075","targetHints":{"allow":["GET"]}}],"collection":[{"href":"https:\/\/dinfante.com\/de\/wp-json\/wp\/v2\/product"}],"about":[{"href":"https:\/\/dinfante.com\/de\/wp-json\/wp\/v2\/types\/product"}],"wp:featuredmedia":[{"embeddable":true,"href":"https:\/\/dinfante.com\/de\/wp-json\/wp\/v2\/media\/3086"}],"wp:attachment":[{"href":"https:\/\/dinfante.com\/de\/wp-json\/wp\/v2\/media?parent=3075"}],"wp:term":[{"taxonomy":"product_brand","embeddable":true,"href":"https:\/\/dinfante.com\/de\/wp-json\/wp\/v2\/product_brand?post=3075"},{"taxonomy":"product_cat","embeddable":true,"href":"https:\/\/dinfante.com\/de\/wp-json\/wp\/v2\/product_cat?post=3075"},{"taxonomy":"product_tag","embeddable":true,"href":"https:\/\/dinfante.com\/de\/wp-json\/wp\/v2\/product_tag?post=3075"}],"curies":[{"name":"wp","href":"https:\/\/api.w.org\/{rel}","templated":true}]}}