{"id":3268,"date":"2021-01-19T17:40:04","date_gmt":"2021-01-19T17:40:04","guid":{"rendered":"https:\/\/dinfante.com\/producto\/tercio-de-elha-%c2%b7-jahrgang-2023-%c2%b7-3er-pack-flaschen\/"},"modified":"2026-01-22T15:21:55","modified_gmt":"2026-01-22T15:21:55","slug":"tercio-de-elha-%c2%b7-jahrgang-2023-%c2%b7-3er-pack-flaschen","status":"publish","type":"product","link":"https:\/\/dinfante.com\/de\/producto\/tercio-de-elha-%c2%b7-jahrgang-2023-%c2%b7-3er-pack-flaschen\/","title":{"rendered":"Tercio de Elha <br> \u00b7 Jahrgang 2023 \u00b7 <br> 3er-Pack Flaschen"},"content":{"rendered":"<p>[vc_row css=&#8220;.vc_custom_1610395611398{padding-top: 5% !important;padding-right: 5% !important;padding-bottom: 5% !important;padding-left: 5% !important;background-color: #106f64 !important;}&#8220;][vc_column][vc_tta_tabs style=&#8220;theme&#8220; alignment=&#8220;center&#8220; active_section=&#8220;1&#8243;][vc_tta_section title=&#8220;VERKOSTUNGSNOTIZEN&#8220; tab_id=&#8220;cata&#8220;][vc_column_text]<span style=\"color: #f1cd7f;\"><strong>AUSSEHEN:<\/strong><\/span> Der Wein hat eine intensive rubinrote Farbe mit violetten Nuancen. Er hat eine gute Dichte und einen sch\u00f6nen Glanz. <\/p>\n<p><span style=\"color: #f1cd7f;\"><strong>NASE:<\/strong><\/span> In der Nase nimmt man intensive Aromen von reifen Fr\u00fcchten wie Brombeeren, Maulbeeren und schwarzen Johannisbeeren wahr, mit w\u00fcrzigen und balsamischen Noten, die an schwarzen Pfeffer, Vanille und Zeder erinnern.<\/p>\n<p><span style=\"color: #f1cd7f;\"><strong>MUND:<\/strong><\/span> Am Gaumen ist der Wein kraftvoll und strukturiert, mit festen und gut integrierten Tanninen, die f\u00fcr eine seidige und anhaltende Textur sorgen. Es stechen Aromen von dunklen, reifen Fr\u00fcchten, Gew\u00fcrzen und einem subtilen mineralischen Hauch hervor. Er hat eine ausgewogene S\u00e4ure und einen langen, angenehmen Abgang.[\/vc_column_text][\/vc_tta_section][vc_tta_section title=&#8220;HERSTELLUNG&#8220; tab_id=&#8220;elaboraci\u00f3n&#8220;][vc_column_text]Weinbereitungsprozess: Manuelle n\u00e4chtliche Ernte: Die Trauben werden nachts geerntet, um die niedrigeren Temperaturen zu nutzen, was dazu beitr\u00e4gt, die Qualit\u00e4t der Fr\u00fcchte zu erhalten und die Oxidation zu verhindern. Auswahl der Trauben: Nach der Ernte werden die Trauben manuell selektiert, um besch\u00e4digte oder minderwertige Trauben zu entfernen. Entrappen und Quetschen: Die Trauben werden entrappt und gequetscht, um die Beeren von den Rispen zu trennen und den Most freizusetzen. Alkoholische G\u00e4rung: Der Most g\u00e4rt in drehbaren Barriques aus franz\u00f6sischer Eiche und Kirschholz, die kontinuierlich rotieren, um eine optimale Extraktion der phenolischen Verbindungen aus den Schalen und einen besseren Kontakt mit dem Holz zu gew\u00e4hrleisten. Die G\u00e4rung erfolgt bei einer kontrollierten Temperatur zwischen 22 \u00b0C und 26 \u00b0C, um die Aromen und Geschmacksstoffe der Frucht zu erhalten. Mazeration: Nach der G\u00e4rung verbleibt der Most f\u00fcr einen bestimmten Zeitraum in Kontakt mit den Schalen, um Tannine und nat\u00fcrliche Farbstoffe zu extrahieren. Abstich und Pressung: Der Wein wird vom Trester getrennt und gepresst, um die restliche Fl\u00fcssigkeit aus den Schalen zu extrahieren. Malolaktische G\u00e4rung: Der Wein durchl\u00e4uft eine zweite G\u00e4rung, die als malolaktische G\u00e4rung bezeichnet wird, bei der die \u00c4pfels\u00e4uren in Milchs\u00e4ure umgewandelt werden, was zu einer weicheren Textur und einem komplexeren Geschmack f\u00fchrt. Reifung: Der Wein reift in Barriques aus franz\u00f6sischer Eiche und Kirschholz.[\/vc_column_text][\/vc_tta_section][vc_tta_section title=&#8220;MOMENTE DES GENIESSENS&#8220; tab_id=&#8220;maridaje&#8220;][vc_column_text]<\/p>\n<h3>1. <strong>Aperitivo con Amigos<\/strong><\/h3>\n<p><span dir=\"auto\" style=\"vertical-align: inherit;\"><span dir=\"auto\" style=\"vertical-align: inherit;\">Es perfecto para abrir una reuni\u00f3n o una tarde de tapas. Su car\u00e1cter joven y afrutado, con notas de frutas rojas y un toque especiado, lo convierte en un excelente acompa\u00f1ante para aperitivos ligeros, como embutidos, quesos suaves o aceitunas.<\/span><\/span><\/p>\n<h3><span dir=\"auto\" style=\"vertical-align: inherit;\"><span dir=\"auto\" style=\"vertical-align: inherit;\">2. <\/span><\/span><strong><span dir=\"auto\" style=\"vertical-align: inherit;\"><span dir=\"auto\" style=\"vertical-align: inherit;\">Cena informal<\/span><\/span><\/strong><\/h3>\n<p><span dir=\"auto\" style=\"vertical-align: inherit;\"><span dir=\"auto\" style=\"vertical-align: inherit;\">Un vino tinto joven es ideal para esas cenas informales en casa, cuando no quieres complicarte pero quieres disfrutar de un buen vino. Marida bien con pizzas, hamburguesas gourmet, pastas con salsas suaves o carnes a la parrilla.<\/span><\/span><\/p>\n<h3><span dir=\"auto\" style=\"vertical-align: inherit;\"><span dir=\"auto\" style=\"vertical-align: inherit;\">3. <\/span><\/span><strong><span dir=\"auto\" style=\"vertical-align: inherit;\"><span dir=\"auto\" style=\"vertical-align: inherit;\">Tardes al Aire Libre<\/span><\/span><\/strong><\/h3>\n<p><span dir=\"auto\" style=\"vertical-align: inherit;\"><span dir=\"auto\" style=\"vertical-align: inherit;\">En una comida o picnic al aire libre, este vino joven y vibrante es perfecto para disfrutar con bocadillos, tablas de queso o incluso con platos m\u00e1s frescos como ensaladas con queso de cabra y frutos secos.<\/span><\/span><\/p>\n<h3><span dir=\"auto\" style=\"vertical-align: inherit;\"><span dir=\"auto\" style=\"vertical-align: inherit;\">4. <\/span><\/span><strong><span dir=\"auto\" style=\"vertical-align: inherit;\"><span dir=\"auto\" style=\"vertical-align: inherit;\">Barbacoa entre Amigos<\/span><\/span><\/strong><\/h3>\n<p><span dir=\"auto\" style=\"vertical-align: inherit;\"><span dir=\"auto\" style=\"vertical-align: inherit;\">Las uvas Tintilla, Petit Verdot y Syrah aportan al vino un toque especiado y afrutado que lo hace excelente para maridar con carnes asadas a la parrilla, costillas, chorizo \u200b\u200bo brochetas de pollo. Es un vino que realza los sabores ahumados y los cortes m\u00e1s jugosos.<\/span><\/span><\/p>\n<h3><span dir=\"auto\" style=\"vertical-align: inherit;\"><span dir=\"auto\" style=\"vertical-align: inherit;\">5. <\/span><\/span><strong><span dir=\"auto\" style=\"vertical-align: inherit;\"><span dir=\"auto\" style=\"vertical-align: inherit;\">Noches de Charla y Juegos<\/span><\/span><\/strong><\/h3>\n<p><span dir=\"auto\" style=\"vertical-align: inherit;\"><span dir=\"auto\" style=\"vertical-align: inherit;\">Cuando la noche est\u00e1 llena de risas, juegos de mesa y buena compa\u00f1\u00eda, este vino joven es f\u00e1cil de beber y lo suficientemente divertido para acompa\u00f1ar toda la velada sin ser demasiado pesado.<\/span><\/span><\/p>\n<h3><span dir=\"auto\" style=\"vertical-align: inherit;\"><span dir=\"auto\" style=\"vertical-align: inherit;\">6. <\/span><\/span><strong><span dir=\"auto\" style=\"vertical-align: inherit;\"><span dir=\"auto\" style=\"vertical-align: inherit;\">Maridajes con Tapas<\/span><\/span><\/strong><\/h3>\n<p><span dir=\"auto\" style=\"vertical-align: inherit;\"><span dir=\"auto\" style=\"vertical-align: inherit;\">Sus notas frescas y afrutadas lo hacen ideal para acompa\u00f1ar una variedad de tapas, como croquetas, pimientos de piquillo rellenos, jam\u00f3n ib\u00e9rico o incluso patatas bravas.<\/span><\/span><\/p>\n<h3><span dir=\"auto\" style=\"vertical-align: inherit;\"><span dir=\"auto\" style=\"vertical-align: inherit;\">7. <\/span><\/span><strong><span dir=\"auto\" style=\"vertical-align: inherit;\"><span dir=\"auto\" style=\"vertical-align: inherit;\">Para Romper la Rutina<\/span><\/span><\/strong><\/h3>\n<p><span dir=\"auto\" style=\"vertical-align: inherit;\"><span dir=\"auto\" style=\"vertical-align: inherit;\">Si simplemente quieres un vino sin complicaciones para romper la rutina diaria, este tinto joven es perfecto. Despu\u00e9s de un d\u00eda de trabajo, su frescura y juventud te invitar\u00e1n a desconectar y relajarte con un buen vaso. !important;padding-left: 15px !important;}&#8220;][vc_column]\n\t<div class=\" img_shop_productos\">\n\t<div class=\"gg_images_slider\">\n\t<div  data-slick='{  \"slidesToShow\": 3,  \"arrows\": false,  \"dots\": true,  \"autoplay\": true,  \"infinite\": true,  \"slidesToScroll\": 1,  \"responsive\": [{\"breakpoint\": 1024, \"settings\": {\"slidesToShow\": 3, \"slidesToScroll\": 1}}, {\"breakpoint\": 600, \"settings\": {\"slidesToShow\": 2, \"slidesToScroll\": 1}}, {\"breakpoint\": 480, \"settings\": {\"slidesToShow\": 1, \"slidesToScroll\": 1}}]  }'  class=\"el-grid no_magnific products row gg-slick-carousel \" data-layout-mode=\"fitRows\" data-pagination=\"\"><div class=\"3\"><img loading=\"lazy\" decoding=\"async\" width=\"1024\" height=\"768\" src=\"https:\/\/dinfante.com\/wp-content\/uploads\/2021\/01\/vino_albaleia_02.jpg\" class=\"attachment-full\" alt=\"Vino de Huelva, Fotograf\u00eda de producto, gemabur fotograf\u00eda\" title=\"vino_albaleia_02\" srcset=\"https:\/\/dinfante.com\/wp-content\/uploads\/2021\/01\/vino_albaleia_02.jpg 1024w, https:\/\/dinfante.com\/wp-content\/uploads\/2021\/01\/vino_albaleia_02-300x225.jpg 300w, https:\/\/dinfante.com\/wp-content\/uploads\/2021\/01\/vino_albaleia_02-768x576.jpg 768w\" sizes=\"auto, (max-width: 1024px) 100vw, 1024px\" \/><\/div><div class=\"3\"><img loading=\"lazy\" decoding=\"async\" width=\"1024\" height=\"768\" src=\"https:\/\/dinfante.com\/wp-content\/uploads\/2021\/01\/vino_albaleia_03.jpg\" class=\"attachment-full\" alt=\"Vino de Huelva, Fotograf\u00eda de producto, gemabur fotograf\u00eda\" title=\"vino_albaleia_03\" srcset=\"https:\/\/dinfante.com\/wp-content\/uploads\/2021\/01\/vino_albaleia_03.jpg 1024w, https:\/\/dinfante.com\/wp-content\/uploads\/2021\/01\/vino_albaleia_03-300x225.jpg 300w, https:\/\/dinfante.com\/wp-content\/uploads\/2021\/01\/vino_albaleia_03-768x576.jpg 768w\" sizes=\"auto, (max-width: 1024px) 100vw, 1024px\" \/><\/div><div class=\"3\"><img loading=\"lazy\" decoding=\"async\" width=\"1024\" height=\"768\" src=\"https:\/\/dinfante.com\/wp-content\/uploads\/2021\/01\/vino_albaleia_01.jpg\" class=\"attachment-full\" alt=\"Cino Colombar, Vino de Huelva, Gemabur Fotograf\u00eda\" title=\"vino_albaleia_01\" srcset=\"https:\/\/dinfante.com\/wp-content\/uploads\/2021\/01\/vino_albaleia_01.jpg 1024w, https:\/\/dinfante.com\/wp-content\/uploads\/2021\/01\/vino_albaleia_01-300x225.jpg 300w, https:\/\/dinfante.com\/wp-content\/uploads\/2021\/01\/vino_albaleia_01-768x576.jpg 768w\" sizes=\"auto, (max-width: 1024px) 100vw, 1024px\" \/><\/div>\n\t<\/div>\n\t<\/div>\n\t<\/div>[\/vc_column][\/vc_row]<\/span><\/span><\/p>\n","protected":false},"excerpt":{"rendered":"<p><span dir=\"auto\" style=\"vertical-align: inherit;\"><span dir=\"auto\" style=\"vertical-align: inherit;\">Wein aus biologisch angebauten Trauben in der Umgebung des Nationalparks Do\u00f1ana. Er ist kraftvoll und strukturiert, mit festen und gut integrierten Tanninen, die eine seidige und anhaltende Textur verleihen. Es stechen Aromen von reifen, dunklen Fr\u00fcchten, Gew\u00fcrzen und eine subtile mineralische Note hervor. Er hat eine ausgewogene S\u00e4ure und einen langen, angenehmen Abgang.   <\/span><\/span><\/p>\n","protected":false},"featured_media":3518,"template":"","meta":[],"product_brand":[],"product_cat":[77],"product_tag":[],"class_list":{"0":"post-3268","1":"product","2":"type-product","3":"status-publish","4":"has-post-thumbnail","6":"product_cat-nicht-kategorisiert","8":"first","9":"instock","10":"taxable","11":"shipping-taxable","12":"purchasable","13":"product-type-simple"},"acf":[],"yoast_head":"<!-- This site is optimized with the Yoast SEO plugin v27.1.1 - https:\/\/yoast.com\/product\/yoast-seo-wordpress\/ -->\n<title>Tercio de Elha  \u00b7 Jahrgang 2023 \u00b7  3er-Pack Flaschen - Bodegas Infante<\/title>\n<meta name=\"description\" content=\"Tercio de Elha, \u00f6kologischer Rotwein aus Do\u00f1ana. Kraftvoll und strukturiert, mit festen Tanninen, reifen Fr\u00fcchten und einem langen, seidigen Abgang.\" \/>\n<meta name=\"robots\" content=\"index, follow, max-snippet:-1, max-image-preview:large, max-video-preview:-1\" \/>\n<link rel=\"canonical\" href=\"https:\/\/dinfante.com\/de\/producto\/tercio-de-elha-%c2%b7-jahrgang-2023-%c2%b7-3er-pack-flaschen\/\" \/>\n<meta property=\"og:locale\" content=\"de_DE\" \/>\n<meta property=\"og:type\" content=\"article\" \/>\n<meta property=\"og:title\" content=\"Tercio de Elha  \u00b7 Jahrgang 2023 \u00b7  3er-Pack Flaschen - Bodegas Infante\" \/>\n<meta property=\"og:description\" content=\"Tercio de Elha, \u00f6kologischer Rotwein aus Do\u00f1ana. Kraftvoll und strukturiert, mit festen Tanninen, reifen Fr\u00fcchten und einem langen, seidigen Abgang.\" \/>\n<meta property=\"og:url\" content=\"https:\/\/dinfante.com\/de\/producto\/tercio-de-elha-%c2%b7-jahrgang-2023-%c2%b7-3er-pack-flaschen\/\" \/>\n<meta property=\"og:site_name\" content=\"Bodegas Infante\" \/>\n<meta property=\"article:modified_time\" content=\"2026-01-22T15:21:55+00:00\" \/>\n<meta property=\"og:image\" content=\"https:\/\/dinfante.com\/wp-content\/uploads\/2021\/01\/prod-Tercio-Elha-2023.png\" \/>\n\t<meta property=\"og:image:width\" content=\"500\" \/>\n\t<meta property=\"og:image:height\" content=\"828\" \/>\n\t<meta property=\"og:image:type\" content=\"image\/png\" \/>\n<meta name=\"twitter:card\" content=\"summary_large_image\" \/>\n<meta name=\"twitter:label1\" content=\"Gesch\u00e4tzte Lesezeit\" \/>\n\t<meta name=\"twitter:data1\" content=\"4\u00a0Minuten\" \/>\n<script type=\"application\/ld+json\" class=\"yoast-schema-graph\">{\"@context\":\"https:\/\/schema.org\",\"@graph\":[{\"@type\":\"WebPage\",\"@id\":\"https:\/\/dinfante.com\/de\/producto\/tercio-de-elha-%c2%b7-jahrgang-2023-%c2%b7-3er-pack-flaschen\/\",\"url\":\"https:\/\/dinfante.com\/de\/producto\/tercio-de-elha-%c2%b7-jahrgang-2023-%c2%b7-3er-pack-flaschen\/\",\"name\":\"Tercio de Elha \u00b7 Jahrgang 2023 \u00b7 3er-Pack Flaschen - Bodegas Infante\",\"isPartOf\":{\"@id\":\"https:\/\/dinfante.com\/de\/#website\"},\"primaryImageOfPage\":{\"@id\":\"https:\/\/dinfante.com\/de\/producto\/tercio-de-elha-%c2%b7-jahrgang-2023-%c2%b7-3er-pack-flaschen\/#primaryimage\"},\"image\":{\"@id\":\"https:\/\/dinfante.com\/de\/producto\/tercio-de-elha-%c2%b7-jahrgang-2023-%c2%b7-3er-pack-flaschen\/#primaryimage\"},\"thumbnailUrl\":\"https:\/\/dinfante.com\/wp-content\/uploads\/2021\/01\/prod-Tercio-Elha-2023.png\",\"datePublished\":\"2021-01-19T17:40:04+00:00\",\"dateModified\":\"2026-01-22T15:21:55+00:00\",\"description\":\"Tercio de Elha, \u00f6kologischer Rotwein aus Do\u00f1ana. Kraftvoll und strukturiert, mit festen Tanninen, reifen Fr\u00fcchten und einem langen, seidigen Abgang.\",\"breadcrumb\":{\"@id\":\"https:\/\/dinfante.com\/de\/producto\/tercio-de-elha-%c2%b7-jahrgang-2023-%c2%b7-3er-pack-flaschen\/#breadcrumb\"},\"inLanguage\":\"de\",\"potentialAction\":[{\"@type\":\"ReadAction\",\"target\":[\"https:\/\/dinfante.com\/de\/producto\/tercio-de-elha-%c2%b7-jahrgang-2023-%c2%b7-3er-pack-flaschen\/\"]}]},{\"@type\":\"ImageObject\",\"inLanguage\":\"de\",\"@id\":\"https:\/\/dinfante.com\/de\/producto\/tercio-de-elha-%c2%b7-jahrgang-2023-%c2%b7-3er-pack-flaschen\/#primaryimage\",\"url\":\"https:\/\/dinfante.com\/wp-content\/uploads\/2021\/01\/prod-Tercio-Elha-2023.png\",\"contentUrl\":\"https:\/\/dinfante.com\/wp-content\/uploads\/2021\/01\/prod-Tercio-Elha-2023.png\",\"width\":500,\"height\":828,\"caption\":\"Botella de vino tinto Tercio de Elha\"},{\"@type\":\"BreadcrumbList\",\"@id\":\"https:\/\/dinfante.com\/de\/producto\/tercio-de-elha-%c2%b7-jahrgang-2023-%c2%b7-3er-pack-flaschen\/#breadcrumb\",\"itemListElement\":[{\"@type\":\"ListItem\",\"position\":1,\"name\":\"Portada\",\"item\":\"https:\/\/dinfante.com\/de\/\"},{\"@type\":\"ListItem\",\"position\":2,\"name\":\"Tienda\",\"item\":\"https:\/\/dinfante.com\/en\/shop\/\"},{\"@type\":\"ListItem\",\"position\":3,\"name\":\"Tercio de Elha \u00b7 Jahrgang 2023 \u00b7 3er-Pack Flaschen\"}]},{\"@type\":\"WebSite\",\"@id\":\"https:\/\/dinfante.com\/de\/#website\",\"url\":\"https:\/\/dinfante.com\/de\/\",\"name\":\"Bodegas Infante\",\"description\":\"Artesanos del Brandy y vinos\",\"publisher\":{\"@id\":\"https:\/\/dinfante.com\/de\/#organization\"},\"potentialAction\":[{\"@type\":\"SearchAction\",\"target\":{\"@type\":\"EntryPoint\",\"urlTemplate\":\"https:\/\/dinfante.com\/de\/?s={search_term_string}\"},\"query-input\":{\"@type\":\"PropertyValueSpecification\",\"valueRequired\":true,\"valueName\":\"search_term_string\"}}],\"inLanguage\":\"de\"},{\"@type\":\"Organization\",\"@id\":\"https:\/\/dinfante.com\/de\/#organization\",\"name\":\"Bodegas Infante\",\"url\":\"https:\/\/dinfante.com\/de\/\",\"logo\":{\"@type\":\"ImageObject\",\"inLanguage\":\"de\",\"@id\":\"https:\/\/dinfante.com\/de\/#\/schema\/logo\/image\/\",\"url\":\"https:\/\/dinfante.com\/wp-content\/uploads\/2021\/04\/cabecera_tienda.jpg\",\"contentUrl\":\"https:\/\/dinfante.com\/wp-content\/uploads\/2021\/04\/cabecera_tienda.jpg\",\"width\":600,\"height\":151,\"caption\":\"Bodegas Infante\"},\"image\":{\"@id\":\"https:\/\/dinfante.com\/de\/#\/schema\/logo\/image\/\"}}]}<\/script>\n<!-- \/ Yoast SEO plugin. -->","yoast_head_json":{"title":"Tercio de Elha  \u00b7 Jahrgang 2023 \u00b7  3er-Pack Flaschen - Bodegas Infante","description":"Tercio de Elha, \u00f6kologischer Rotwein aus Do\u00f1ana. Kraftvoll und strukturiert, mit festen Tanninen, reifen Fr\u00fcchten und einem langen, seidigen Abgang.","robots":{"index":"index","follow":"follow","max-snippet":"max-snippet:-1","max-image-preview":"max-image-preview:large","max-video-preview":"max-video-preview:-1"},"canonical":"https:\/\/dinfante.com\/de\/producto\/tercio-de-elha-%c2%b7-jahrgang-2023-%c2%b7-3er-pack-flaschen\/","og_locale":"de_DE","og_type":"article","og_title":"Tercio de Elha  \u00b7 Jahrgang 2023 \u00b7  3er-Pack Flaschen - Bodegas Infante","og_description":"Tercio de Elha, \u00f6kologischer Rotwein aus Do\u00f1ana. Kraftvoll und strukturiert, mit festen Tanninen, reifen Fr\u00fcchten und einem langen, seidigen Abgang.","og_url":"https:\/\/dinfante.com\/de\/producto\/tercio-de-elha-%c2%b7-jahrgang-2023-%c2%b7-3er-pack-flaschen\/","og_site_name":"Bodegas Infante","article_modified_time":"2026-01-22T15:21:55+00:00","og_image":[{"width":500,"height":828,"url":"https:\/\/dinfante.com\/wp-content\/uploads\/2021\/01\/prod-Tercio-Elha-2023.png","type":"image\/png"}],"twitter_card":"summary_large_image","twitter_misc":{"Gesch\u00e4tzte Lesezeit":"4\u00a0Minuten"},"schema":{"@context":"https:\/\/schema.org","@graph":[{"@type":"WebPage","@id":"https:\/\/dinfante.com\/de\/producto\/tercio-de-elha-%c2%b7-jahrgang-2023-%c2%b7-3er-pack-flaschen\/","url":"https:\/\/dinfante.com\/de\/producto\/tercio-de-elha-%c2%b7-jahrgang-2023-%c2%b7-3er-pack-flaschen\/","name":"Tercio de Elha \u00b7 Jahrgang 2023 \u00b7 3er-Pack Flaschen - Bodegas Infante","isPartOf":{"@id":"https:\/\/dinfante.com\/de\/#website"},"primaryImageOfPage":{"@id":"https:\/\/dinfante.com\/de\/producto\/tercio-de-elha-%c2%b7-jahrgang-2023-%c2%b7-3er-pack-flaschen\/#primaryimage"},"image":{"@id":"https:\/\/dinfante.com\/de\/producto\/tercio-de-elha-%c2%b7-jahrgang-2023-%c2%b7-3er-pack-flaschen\/#primaryimage"},"thumbnailUrl":"https:\/\/dinfante.com\/wp-content\/uploads\/2021\/01\/prod-Tercio-Elha-2023.png","datePublished":"2021-01-19T17:40:04+00:00","dateModified":"2026-01-22T15:21:55+00:00","description":"Tercio de Elha, \u00f6kologischer Rotwein aus Do\u00f1ana. Kraftvoll und strukturiert, mit festen Tanninen, reifen Fr\u00fcchten und einem langen, seidigen Abgang.","breadcrumb":{"@id":"https:\/\/dinfante.com\/de\/producto\/tercio-de-elha-%c2%b7-jahrgang-2023-%c2%b7-3er-pack-flaschen\/#breadcrumb"},"inLanguage":"de","potentialAction":[{"@type":"ReadAction","target":["https:\/\/dinfante.com\/de\/producto\/tercio-de-elha-%c2%b7-jahrgang-2023-%c2%b7-3er-pack-flaschen\/"]}]},{"@type":"ImageObject","inLanguage":"de","@id":"https:\/\/dinfante.com\/de\/producto\/tercio-de-elha-%c2%b7-jahrgang-2023-%c2%b7-3er-pack-flaschen\/#primaryimage","url":"https:\/\/dinfante.com\/wp-content\/uploads\/2021\/01\/prod-Tercio-Elha-2023.png","contentUrl":"https:\/\/dinfante.com\/wp-content\/uploads\/2021\/01\/prod-Tercio-Elha-2023.png","width":500,"height":828,"caption":"Botella de vino tinto Tercio de Elha"},{"@type":"BreadcrumbList","@id":"https:\/\/dinfante.com\/de\/producto\/tercio-de-elha-%c2%b7-jahrgang-2023-%c2%b7-3er-pack-flaschen\/#breadcrumb","itemListElement":[{"@type":"ListItem","position":1,"name":"Portada","item":"https:\/\/dinfante.com\/de\/"},{"@type":"ListItem","position":2,"name":"Tienda","item":"https:\/\/dinfante.com\/en\/shop\/"},{"@type":"ListItem","position":3,"name":"Tercio de Elha \u00b7 Jahrgang 2023 \u00b7 3er-Pack Flaschen"}]},{"@type":"WebSite","@id":"https:\/\/dinfante.com\/de\/#website","url":"https:\/\/dinfante.com\/de\/","name":"Bodegas Infante","description":"Artesanos del Brandy y vinos","publisher":{"@id":"https:\/\/dinfante.com\/de\/#organization"},"potentialAction":[{"@type":"SearchAction","target":{"@type":"EntryPoint","urlTemplate":"https:\/\/dinfante.com\/de\/?s={search_term_string}"},"query-input":{"@type":"PropertyValueSpecification","valueRequired":true,"valueName":"search_term_string"}}],"inLanguage":"de"},{"@type":"Organization","@id":"https:\/\/dinfante.com\/de\/#organization","name":"Bodegas Infante","url":"https:\/\/dinfante.com\/de\/","logo":{"@type":"ImageObject","inLanguage":"de","@id":"https:\/\/dinfante.com\/de\/#\/schema\/logo\/image\/","url":"https:\/\/dinfante.com\/wp-content\/uploads\/2021\/04\/cabecera_tienda.jpg","contentUrl":"https:\/\/dinfante.com\/wp-content\/uploads\/2021\/04\/cabecera_tienda.jpg","width":600,"height":151,"caption":"Bodegas Infante"},"image":{"@id":"https:\/\/dinfante.com\/de\/#\/schema\/logo\/image\/"}}]}},"_links":{"self":[{"href":"https:\/\/dinfante.com\/de\/wp-json\/wp\/v2\/product\/3268","targetHints":{"allow":["GET"]}}],"collection":[{"href":"https:\/\/dinfante.com\/de\/wp-json\/wp\/v2\/product"}],"about":[{"href":"https:\/\/dinfante.com\/de\/wp-json\/wp\/v2\/types\/product"}],"wp:featuredmedia":[{"embeddable":true,"href":"https:\/\/dinfante.com\/de\/wp-json\/wp\/v2\/media\/3518"}],"wp:attachment":[{"href":"https:\/\/dinfante.com\/de\/wp-json\/wp\/v2\/media?parent=3268"}],"wp:term":[{"taxonomy":"product_brand","embeddable":true,"href":"https:\/\/dinfante.com\/de\/wp-json\/wp\/v2\/product_brand?post=3268"},{"taxonomy":"product_cat","embeddable":true,"href":"https:\/\/dinfante.com\/de\/wp-json\/wp\/v2\/product_cat?post=3268"},{"taxonomy":"product_tag","embeddable":true,"href":"https:\/\/dinfante.com\/de\/wp-json\/wp\/v2\/product_tag?post=3268"}],"curies":[{"name":"wp","href":"https:\/\/api.w.org\/{rel}","templated":true}]}}