{"id":3274,"date":"2021-01-19T17:40:04","date_gmt":"2021-01-19T17:40:04","guid":{"rendered":"https:\/\/dinfante.com\/producto\/elha-%e4%b8%89%e5%88%86%e4%b9%8b%e4%b8%80%c2%b7-2023-%e5%b9%b4%e4%bb%bd-%c2%b73-%e7%93%b6%e8%a3%85\/"},"modified":"2026-01-22T15:21:55","modified_gmt":"2026-01-22T15:21:55","slug":"elha-%e4%b8%89%e5%88%86%e4%b9%8b%e4%b8%80%c2%b7-2023-%e5%b9%b4%e4%bb%bd-%c2%b73-%e7%93%b6%e8%a3%85","status":"publish","type":"product","link":"https:\/\/dinfante.com\/zh-hans\/producto\/elha-%e4%b8%89%e5%88%86%e4%b9%8b%e4%b8%80%c2%b7-2023-%e5%b9%b4%e4%bb%bd-%c2%b73-%e7%93%b6%e8%a3%85\/","title":{"rendered":"Elha \u4e09\u5206\u4e4b\u4e00<br>\u00b7 2023 \u5e74\u4efd \u00b7<br>3 \u74f6\u88c5"},"content":{"rendered":"<p>[vc_row css=&#8221;.vc_custom_1610395611398{padding-top: 5% !important;padding-right: 5% !important;padding-bottom: 5% !important;padding-left: 5% !important;background-color: #106f64 !important;}&#8221;][vc_column][vc_tta_tabs style=&#8221;theme&#8221; alignment=&#8221;center&#8221; active_section=&#8221;1&#8243;][vc_tta_section title=&#8221;\u54c1\u9274\u7b14\u8bb0&#8221; tab_id=&#8221;cata&#8221;][vc_column_text]<span style=\"color: #f1cd7f;\"><strong>\u5916\u89c2\uff1a<\/strong><\/span>\u8fd9\u6b3e\u8461\u8404\u9152\u5448\u73b0\u51fa\u6d53\u90c1\u7684\u7ea2\u5b9d\u77f3\u8272\uff0c\u5e26\u6709\u7d2b\u7f57\u5170\u8272\u7684\u8272\u8c03\u3002\u5bc6\u5ea6\u548c\u5149\u6cfd\u5ea6\u90fd\u5f88\u597d\u3002 <\/p>\n<p><span style=\"color: #f1cd7f;\"><strong>\u9999\u6c14\uff1a<\/strong><\/span>\u5728\u9999\u6c14\u65b9\u9762\uff0c\u53ef\u4ee5\u611f\u53d7\u5230\u9ed1\u8393\u3001\u6851\u845a\u548c\u9ed1\u918b\u6817\u7b49\u6210\u719f\u6c34\u679c\u7684\u6d53\u90c1\u9999\u6c14\uff0c\u4ee5\u53ca\u8ba9\u4eba\u8054\u60f3\u5230\u9ed1\u80e1\u6912\u3001\u9999\u8349\u548c\u96ea\u677e\u7684\u9999\u6599\u548c\u9999\u8102\u5473\u3002<\/p>\n<p><span style=\"color: #f1cd7f;\"><strong>\u53e3\u611f\uff1a<\/strong><\/span>\u5728\u53e3\u611f\u65b9\u9762\uff0c\u8fd9\u6b3e\u8461\u8404\u9152\u53e3\u611f\u9187\u539a\uff0c\u7ed3\u6784\u7d27\u5b9e\uff0c\u5355\u5b81\u575a\u5b9e\u4e14\u878d\u5408\u826f\u597d\uff0c\u5e26\u6765\u67d4\u6ed1\u6301\u4e45\u7684\u53e3\u611f\u3002\u7a81\u51fa\u7684\u98ce\u5473\u5305\u62ec\u6210\u719f\u7684\u6df1\u8272\u6c34\u679c\u3001\u9999\u6599\u548c\u5fae\u5999\u7684\u77ff\u7269\u8d28\u5473\u3002\u9178\u5ea6\u5e73\u8861\uff0c\u56de\u5473\u60a0\u957f\u5b9c\u4eba\u3002[\/vc_column_text][\/vc_tta_section][vc_tta_section title=&#8221;\u917f\u9020&#8221; tab_id=&#8221;elaboraci\u00f3n&#8221;][vc_column_text]\u917f\u9152\u8fc7\u7a0b\uff1a\u591c\u95f4\u624b\u5de5\u91c7\u6458\uff1a\u8461\u8404\u5728\u591c\u95f4\u91c7\u6458\uff0c\u4ee5\u5229\u7528\u8f83\u4f4e\u7684\u6e29\u5ea6\uff0c\u8fd9\u6709\u52a9\u4e8e\u4fdd\u6301\u6c34\u679c\u7684\u54c1\u8d28\u5e76\u9632\u6b62\u6c27\u5316\u3002\u8461\u8404\u7b5b\u9009\uff1a\u91c7\u6458\u540e\uff0c\u5bf9\u8461\u8404\u8fdb\u884c\u4eba\u5de5\u7b5b\u9009\uff0c\u4ee5\u53bb\u9664\u635f\u574f\u6216\u8d28\u91cf\u8f83\u4f4e\u7684\u8461\u8404\u3002\u53bb\u6897\u548c\u7834\u788e\uff1a\u5c06\u8461\u8404\u53bb\u6897\u548c\u7834\u788e\uff0c\u4ee5\u5c06\u6d46\u679c\u4e0e\u8461\u8404\u4e32\u5206\u79bb\u5e76\u91ca\u653e\u8461\u8404\u6c41\u3002\u9152\u7cbe\u53d1\u9175\uff1a\u8461\u8404\u6c41\u5728\u6cd5\u56fd\u6a61\u6728\u548c\u6a31\u6843\u6728\u65cb\u8f6c\u6876\u4e2d\u53d1\u9175\uff0c\u8fd9\u4e9b\u65cb\u8f6c\u6876\u4e0d\u65ad\u65cb\u8f6c\uff0c\u4ee5\u786e\u4fdd\u4ece\u679c\u76ae\u4e2d\u6700\u4f73\u63d0\u53d6\u915a\u7c7b\u5316\u5408\u7269\uff0c\u5e76\u589e\u52a0\u4e0e\u6728\u6750\u7684\u63a5\u89e6\u3002\u53d1\u9175\u5728 22\u00b0C \u81f3 26\u00b0C \u4e4b\u95f4\u7684\u53d7\u63a7\u6e29\u5ea6\u4e0b\u8fdb\u884c\uff0c\u4ee5\u4fdd\u6301\u6c34\u679c\u7684\u9999\u6c14\u548c\u98ce\u5473\u3002\u6d78\u6e0d\uff1a\u53d1\u9175\u540e\uff0c\u5c06\u8461\u8404\u6c41\u4e0e\u679c\u76ae\u63a5\u89e6\u4e00\u6bb5\u65f6\u95f4\uff0c\u4ee5\u63d0\u53d6\u5355\u5b81\u548c\u5929\u7136\u8272\u7d20\u3002\u6362\u6876\u548c\u538b\u69a8\uff1a\u5c06\u8461\u8404\u9152\u4e0e\u9152\u7cdf\u5206\u79bb\u5e76\u538b\u69a8\uff0c\u4ee5\u63d0\u53d6\u679c\u76ae\u4e2d\u5269\u4f59\u7684\u6db2\u4f53\u3002\u82f9\u679c\u9178-\u4e73\u9178\u53d1\u9175\uff1a\u8461\u8404\u9152\u7ecf\u5386\u7b2c\u4e8c\u6b21\u53d1\u9175\uff0c\u79f0\u4e3a\u82f9\u679c\u9178-\u4e73\u9178\u53d1\u9175\uff0c\u5176\u4e2d\u82f9\u679c\u9178\u8f6c\u5316\u4e3a\u4e73\u9178\uff0c\u4ece\u800c\u4ea7\u751f\u66f4\u67d4\u6ed1\u7684\u8d28\u5730\u548c\u66f4\u590d\u6742\u7684\u98ce\u5473\u3002\u9648\u917f\uff1a\u8461\u8404\u9152\u5728\u6cd5\u56fd\u6a61\u6728\u548c\u6a31\u6843\u6728\u6876\u4e2d\u9648\u917f\u3002[\/vc_column_text][\/vc_tta_section][vc_tta_section title=&#8221;\u4eab\u53d7\u65f6\u523b&#8221; tab_id=&#8221;maridaje&#8221;][vc_column_text]<\/p>\n<h3>1. <strong>Aperitivo con Amigos<\/strong><\/h3>\n<p><span dir=\"auto\" style=\"vertical-align: inherit;\"><span dir=\"auto\" style=\"vertical-align: inherit;\">Es perfecto para abrir una reuni\u00f3n o una tarde de tapas. Su car\u00e1cter joven y afrutado, con notas de frutas rojas y un toque especiado, lo convierte en un excelente acompa\u00f1ante para aperitivos ligeros, como embutidos, quesos suaves o aceitunas.<\/span><\/span><\/p>\n<h3><span dir=\"auto\" style=\"vertical-align: inherit;\"><span dir=\"auto\" style=\"vertical-align: inherit;\">2. <\/span><\/span><strong><span dir=\"auto\" style=\"vertical-align: inherit;\"><span dir=\"auto\" style=\"vertical-align: inherit;\">Cena informal<\/span><\/span><\/strong><\/h3>\n<p><span dir=\"auto\" style=\"vertical-align: inherit;\"><span dir=\"auto\" style=\"vertical-align: inherit;\">Un vino tinto joven es ideal para esas cenas informales en casa, cuando no quieres complicarte pero quieres disfrutar de un buen vino. Marida bien con pizzas, hamburguesas gourmet, pastas con salsas suaves o carnes a la parrilla.<\/span><\/span><\/p>\n<h3><span dir=\"auto\" style=\"vertical-align: inherit;\"><span dir=\"auto\" style=\"vertical-align: inherit;\">3. <\/span><\/span><strong><span dir=\"auto\" style=\"vertical-align: inherit;\"><span dir=\"auto\" style=\"vertical-align: inherit;\">Tardes al Aire Libre<\/span><\/span><\/strong><\/h3>\n<p><span dir=\"auto\" style=\"vertical-align: inherit;\"><span dir=\"auto\" style=\"vertical-align: inherit;\">En una comida o picnic al aire libre, este vino joven y vibrante es perfecto para disfrutar con bocadillos, tablas de queso o incluso con platos m\u00e1s frescos como ensaladas con queso de cabra y frutos secos.<\/span><\/span><\/p>\n<h3><span dir=\"auto\" style=\"vertical-align: inherit;\"><span dir=\"auto\" style=\"vertical-align: inherit;\">4. <\/span><\/span><strong><span dir=\"auto\" style=\"vertical-align: inherit;\"><span dir=\"auto\" style=\"vertical-align: inherit;\">Barbacoa entre Amigos<\/span><\/span><\/strong><\/h3>\n<p><span dir=\"auto\" style=\"vertical-align: inherit;\"><span dir=\"auto\" style=\"vertical-align: inherit;\">Las uvas Tintilla, Petit Verdot y Syrah aportan al vino un toque especiado y afrutado que lo hace excelente para maridar con carnes asadas a la parrilla, costillas, chorizo \u200b\u200bo brochetas de pollo. Es un vino que realza los sabores ahumados y los cortes m\u00e1s jugosos.<\/span><\/span><\/p>\n<h3><span dir=\"auto\" style=\"vertical-align: inherit;\"><span dir=\"auto\" style=\"vertical-align: inherit;\">5. <\/span><\/span><strong><span dir=\"auto\" style=\"vertical-align: inherit;\"><span dir=\"auto\" style=\"vertical-align: inherit;\">Noches de Charla y Juegos<\/span><\/span><\/strong><\/h3>\n<p><span dir=\"auto\" style=\"vertical-align: inherit;\"><span dir=\"auto\" style=\"vertical-align: inherit;\">Cuando la noche est\u00e1 llena de risas, juegos de mesa y buena compa\u00f1\u00eda, este vino joven es f\u00e1cil de beber y lo suficientemente divertido para acompa\u00f1ar toda la velada sin ser demasiado pesado.<\/span><\/span><\/p>\n<h3><span dir=\"auto\" style=\"vertical-align: inherit;\"><span dir=\"auto\" style=\"vertical-align: inherit;\">6. <\/span><\/span><strong><span dir=\"auto\" style=\"vertical-align: inherit;\"><span dir=\"auto\" style=\"vertical-align: inherit;\">Maridajes con Tapas<\/span><\/span><\/strong><\/h3>\n<p><span dir=\"auto\" style=\"vertical-align: inherit;\"><span dir=\"auto\" style=\"vertical-align: inherit;\">Sus notas frescas y afrutadas lo hacen ideal para acompa\u00f1ar una variedad de tapas, como croquetas, pimientos de piquillo rellenos, jam\u00f3n ib\u00e9rico o incluso patatas bravas.<\/span><\/span><\/p>\n<h3><span dir=\"auto\" style=\"vertical-align: inherit;\"><span dir=\"auto\" style=\"vertical-align: inherit;\">7. <\/span><\/span><strong><span dir=\"auto\" style=\"vertical-align: inherit;\"><span dir=\"auto\" style=\"vertical-align: inherit;\">Para Romper la Rutina<\/span><\/span><\/strong><\/h3>\n<p><span dir=\"auto\" style=\"vertical-align: inherit;\"><span dir=\"auto\" style=\"vertical-align: inherit;\">Si simplemente quieres un vino sin complicaciones para romper la rutina diaria, este tinto joven es perfecto. Despu\u00e9s de un d\u00eda de trabajo, su frescura y juventud te invitar\u00e1n a desconectar y relajarte con un buen vaso. !important;padding-left: 15px !important;}&#8221;][vc_column]\n\t<div class=\" img_shop_productos\">\n\t<div class=\"gg_images_slider\">\n\t<div  data-slick='{  \"slidesToShow\": 3,  \"arrows\": false,  \"dots\": true,  \"autoplay\": true,  \"infinite\": true,  \"slidesToScroll\": 1,  \"responsive\": [{\"breakpoint\": 1024, \"settings\": {\"slidesToShow\": 3, \"slidesToScroll\": 1}}, {\"breakpoint\": 600, \"settings\": {\"slidesToShow\": 2, \"slidesToScroll\": 1}}, {\"breakpoint\": 480, \"settings\": {\"slidesToShow\": 1, \"slidesToScroll\": 1}}]  }'  class=\"el-grid no_magnific products row gg-slick-carousel \" data-layout-mode=\"fitRows\" data-pagination=\"\"><div class=\"3\"><img loading=\"lazy\" decoding=\"async\" width=\"1024\" height=\"768\" src=\"https:\/\/dinfante.com\/wp-content\/uploads\/2021\/01\/vino_albaleia_02.jpg\" class=\"attachment-full\" alt=\"Vino de Huelva, Fotograf\u00eda de producto, gemabur fotograf\u00eda\" title=\"vino_albaleia_02\" srcset=\"https:\/\/dinfante.com\/wp-content\/uploads\/2021\/01\/vino_albaleia_02.jpg 1024w, https:\/\/dinfante.com\/wp-content\/uploads\/2021\/01\/vino_albaleia_02-300x225.jpg 300w, https:\/\/dinfante.com\/wp-content\/uploads\/2021\/01\/vino_albaleia_02-768x576.jpg 768w\" sizes=\"auto, (max-width: 1024px) 100vw, 1024px\" \/><\/div><div class=\"3\"><img loading=\"lazy\" decoding=\"async\" width=\"1024\" height=\"768\" src=\"https:\/\/dinfante.com\/wp-content\/uploads\/2021\/01\/vino_albaleia_03.jpg\" class=\"attachment-full\" alt=\"Vino de Huelva, Fotograf\u00eda de producto, gemabur fotograf\u00eda\" title=\"vino_albaleia_03\" srcset=\"https:\/\/dinfante.com\/wp-content\/uploads\/2021\/01\/vino_albaleia_03.jpg 1024w, https:\/\/dinfante.com\/wp-content\/uploads\/2021\/01\/vino_albaleia_03-300x225.jpg 300w, https:\/\/dinfante.com\/wp-content\/uploads\/2021\/01\/vino_albaleia_03-768x576.jpg 768w\" sizes=\"auto, (max-width: 1024px) 100vw, 1024px\" \/><\/div><div class=\"3\"><img loading=\"lazy\" decoding=\"async\" width=\"1024\" height=\"768\" src=\"https:\/\/dinfante.com\/wp-content\/uploads\/2021\/01\/vino_albaleia_01.jpg\" class=\"attachment-full\" alt=\"Cino Colombar, Vino de Huelva, Gemabur Fotograf\u00eda\" title=\"vino_albaleia_01\" srcset=\"https:\/\/dinfante.com\/wp-content\/uploads\/2021\/01\/vino_albaleia_01.jpg 1024w, https:\/\/dinfante.com\/wp-content\/uploads\/2021\/01\/vino_albaleia_01-300x225.jpg 300w, https:\/\/dinfante.com\/wp-content\/uploads\/2021\/01\/vino_albaleia_01-768x576.jpg 768w\" sizes=\"auto, (max-width: 1024px) 100vw, 1024px\" \/><\/div>\n\t<\/div>\n\t<\/div>\n\t<\/div>[\/vc_column][\/vc_row]<\/span><\/span><\/p>\n","protected":false},"excerpt":{"rendered":"<p><span dir=\"auto\" style=\"vertical-align: inherit;\"><span dir=\"auto\" style=\"vertical-align: inherit;\">\u8fd9\u6b3e\u8461\u8404\u9152\u91c7\u7528\u5728\u591a\u5c3c\u4e9a\u7eb3\u56fd\u5bb6\u516c\u56ed\u9644\u8fd1\u79cd\u690d\u7684\u6709\u673a\u8461\u8404\u917f\u5236\u800c\u6210\u3002\u5b83\u53e3\u611f\u9187\u539a\uff0c\u7ed3\u6784\u7d27\u5b9e\uff0c\u5355\u5b81\u575a\u5b9e\u4e14\u878d\u5408\u826f\u597d\uff0c\u5e26\u6765\u67d4\u6ed1\u6301\u4e45\u7684\u8d28\u611f\u3002\u6210\u719f\u7684\u9ed1\u8272\u6c34\u679c\u3001\u9999\u6599\u548c\u5fae\u5999\u7684\u77ff\u7269\u8d28\u98ce\u5473\u7a81\u51fa\u3002\u9178\u5ea6\u5e73\u8861\uff0c\u56de\u5473\u60a0\u957f\u800c\u6109\u60a6\u3002   <\/span><\/span><\/p>\n","protected":false},"featured_media":3516,"template":"","meta":[],"product_brand":[],"product_cat":[79],"product_tag":[],"class_list":{"0":"post-3274","1":"product","2":"type-product","3":"status-publish","4":"has-post-thumbnail","6":"product_cat-79","8":"first","9":"instock","10":"taxable","11":"shipping-taxable","12":"purchasable","13":"product-type-simple"},"acf":[],"yoast_head":"<!-- This site is optimized with the Yoast SEO plugin v27.1.1 - https:\/\/yoast.com\/product\/yoast-seo-wordpress\/ -->\n<title>Elha \u4e09\u5206\u4e4b\u4e00\u00b7 2023 \u5e74\u4efd \u00b73 \u74f6\u88c5 - Bodegas Infante<\/title>\n<meta name=\"description\" content=\"Elha \u4e09\u5206\u4e4b\u4e00\uff0c\u6765\u81ea\u591a\u5c3c\u4e9a\u7eb3\u7684\u6709\u673a\u7ea2\u8461\u8404\u9152\u3002\u53e3\u611f\u9187\u539a\uff0c\u7ed3\u6784\u7d27\u5b9e\uff0c\u5355\u5b81\u575a\u5b9e\uff0c\u5e26\u6709\u6210\u719f\u6c34\u679c\u7684\u5473\u9053\uff0c\u56de\u5473\u60a0\u957f\u67d4\u6ed1\u3002\" \/>\n<meta name=\"robots\" content=\"index, follow, max-snippet:-1, max-image-preview:large, max-video-preview:-1\" \/>\n<link rel=\"canonical\" href=\"https:\/\/dinfante.com\/zh-hans\/producto\/elha-%e4%b8%89%e5%88%86%e4%b9%8b%e4%b8%80%c2%b7-2023-%e5%b9%b4%e4%bb%bd-%c2%b73-%e7%93%b6%e8%a3%85\/\" \/>\n<meta property=\"og:locale\" content=\"zh_CN\" \/>\n<meta property=\"og:type\" content=\"article\" \/>\n<meta property=\"og:title\" content=\"Elha \u4e09\u5206\u4e4b\u4e00\u00b7 2023 \u5e74\u4efd \u00b73 \u74f6\u88c5 - Bodegas Infante\" \/>\n<meta property=\"og:description\" content=\"Elha \u4e09\u5206\u4e4b\u4e00\uff0c\u6765\u81ea\u591a\u5c3c\u4e9a\u7eb3\u7684\u6709\u673a\u7ea2\u8461\u8404\u9152\u3002\u53e3\u611f\u9187\u539a\uff0c\u7ed3\u6784\u7d27\u5b9e\uff0c\u5355\u5b81\u575a\u5b9e\uff0c\u5e26\u6709\u6210\u719f\u6c34\u679c\u7684\u5473\u9053\uff0c\u56de\u5473\u60a0\u957f\u67d4\u6ed1\u3002\" \/>\n<meta property=\"og:url\" content=\"https:\/\/dinfante.com\/zh-hans\/producto\/elha-%e4%b8%89%e5%88%86%e4%b9%8b%e4%b8%80%c2%b7-2023-%e5%b9%b4%e4%bb%bd-%c2%b73-%e7%93%b6%e8%a3%85\/\" \/>\n<meta property=\"og:site_name\" content=\"Bodegas Infante\" \/>\n<meta property=\"article:modified_time\" content=\"2026-01-22T15:21:55+00:00\" \/>\n<meta property=\"og:image\" content=\"https:\/\/dinfante.com\/wp-content\/uploads\/2021\/01\/prod-Tercio-Elha-2023.png\" \/>\n\t<meta property=\"og:image:width\" content=\"500\" \/>\n\t<meta property=\"og:image:height\" content=\"828\" \/>\n\t<meta property=\"og:image:type\" content=\"image\/png\" \/>\n<meta name=\"twitter:card\" content=\"summary_large_image\" \/>\n<meta name=\"twitter:label1\" content=\"\u9884\u8ba1\u9605\u8bfb\u65f6\u95f4\" \/>\n\t<meta name=\"twitter:data1\" content=\"2 \u5206\" \/>\n<script type=\"application\/ld+json\" class=\"yoast-schema-graph\">{\"@context\":\"https:\/\/schema.org\",\"@graph\":[{\"@type\":\"WebPage\",\"@id\":\"https:\/\/dinfante.com\/zh-hans\/producto\/elha-%e4%b8%89%e5%88%86%e4%b9%8b%e4%b8%80%c2%b7-2023-%e5%b9%b4%e4%bb%bd-%c2%b73-%e7%93%b6%e8%a3%85\/\",\"url\":\"https:\/\/dinfante.com\/zh-hans\/producto\/elha-%e4%b8%89%e5%88%86%e4%b9%8b%e4%b8%80%c2%b7-2023-%e5%b9%b4%e4%bb%bd-%c2%b73-%e7%93%b6%e8%a3%85\/\",\"name\":\"Elha \u4e09\u5206\u4e4b\u4e00 \u00b7 2023 \u5e74\u4efd \u00b7 3 \u74f6\u88c5 - Bodegas Infante\",\"isPartOf\":{\"@id\":\"https:\/\/dinfante.com\/zh-hans\/#website\"},\"primaryImageOfPage\":{\"@id\":\"https:\/\/dinfante.com\/zh-hans\/producto\/elha-%e4%b8%89%e5%88%86%e4%b9%8b%e4%b8%80%c2%b7-2023-%e5%b9%b4%e4%bb%bd-%c2%b73-%e7%93%b6%e8%a3%85\/#primaryimage\"},\"image\":{\"@id\":\"https:\/\/dinfante.com\/zh-hans\/producto\/elha-%e4%b8%89%e5%88%86%e4%b9%8b%e4%b8%80%c2%b7-2023-%e5%b9%b4%e4%bb%bd-%c2%b73-%e7%93%b6%e8%a3%85\/#primaryimage\"},\"thumbnailUrl\":\"https:\/\/dinfante.com\/wp-content\/uploads\/2021\/01\/prod-Tercio-Elha-2023.png\",\"datePublished\":\"2021-01-19T17:40:04+00:00\",\"dateModified\":\"2026-01-22T15:21:55+00:00\",\"description\":\"Elha \u4e09\u5206\u4e4b\u4e00\uff0c\u6765\u81ea\u591a\u5c3c\u4e9a\u7eb3\u7684\u6709\u673a\u7ea2\u8461\u8404\u9152\u3002\u53e3\u611f\u9187\u539a\uff0c\u7ed3\u6784\u7d27\u5b9e\uff0c\u5355\u5b81\u575a\u5b9e\uff0c\u5e26\u6709\u6210\u719f\u6c34\u679c\u7684\u5473\u9053\uff0c\u56de\u5473\u60a0\u957f\u67d4\u6ed1\u3002\",\"breadcrumb\":{\"@id\":\"https:\/\/dinfante.com\/zh-hans\/producto\/elha-%e4%b8%89%e5%88%86%e4%b9%8b%e4%b8%80%c2%b7-2023-%e5%b9%b4%e4%bb%bd-%c2%b73-%e7%93%b6%e8%a3%85\/#breadcrumb\"},\"inLanguage\":\"zh-Hans\",\"potentialAction\":[{\"@type\":\"ReadAction\",\"target\":[\"https:\/\/dinfante.com\/zh-hans\/producto\/elha-%e4%b8%89%e5%88%86%e4%b9%8b%e4%b8%80%c2%b7-2023-%e5%b9%b4%e4%bb%bd-%c2%b73-%e7%93%b6%e8%a3%85\/\"]}]},{\"@type\":\"ImageObject\",\"inLanguage\":\"zh-Hans\",\"@id\":\"https:\/\/dinfante.com\/zh-hans\/producto\/elha-%e4%b8%89%e5%88%86%e4%b9%8b%e4%b8%80%c2%b7-2023-%e5%b9%b4%e4%bb%bd-%c2%b73-%e7%93%b6%e8%a3%85\/#primaryimage\",\"url\":\"https:\/\/dinfante.com\/wp-content\/uploads\/2021\/01\/prod-Tercio-Elha-2023.png\",\"contentUrl\":\"https:\/\/dinfante.com\/wp-content\/uploads\/2021\/01\/prod-Tercio-Elha-2023.png\",\"width\":500,\"height\":828,\"caption\":\"Botella de vino tinto Tercio de Elha\"},{\"@type\":\"BreadcrumbList\",\"@id\":\"https:\/\/dinfante.com\/zh-hans\/producto\/elha-%e4%b8%89%e5%88%86%e4%b9%8b%e4%b8%80%c2%b7-2023-%e5%b9%b4%e4%bb%bd-%c2%b73-%e7%93%b6%e8%a3%85\/#breadcrumb\",\"itemListElement\":[{\"@type\":\"ListItem\",\"position\":1,\"name\":\"Portada\",\"item\":\"https:\/\/dinfante.com\/zh-hans\/\"},{\"@type\":\"ListItem\",\"position\":2,\"name\":\"Tienda\",\"item\":\"https:\/\/dinfante.com\/en\/shop\/\"},{\"@type\":\"ListItem\",\"position\":3,\"name\":\"Elha \u4e09\u5206\u4e4b\u4e00\u00b7 2023 \u5e74\u4efd \u00b73 \u74f6\u88c5\"}]},{\"@type\":\"WebSite\",\"@id\":\"https:\/\/dinfante.com\/zh-hans\/#website\",\"url\":\"https:\/\/dinfante.com\/zh-hans\/\",\"name\":\"Bodegas Infante\",\"description\":\"Artesanos del Brandy y vinos\",\"publisher\":{\"@id\":\"https:\/\/dinfante.com\/zh-hans\/#organization\"},\"potentialAction\":[{\"@type\":\"SearchAction\",\"target\":{\"@type\":\"EntryPoint\",\"urlTemplate\":\"https:\/\/dinfante.com\/zh-hans\/?s={search_term_string}\"},\"query-input\":{\"@type\":\"PropertyValueSpecification\",\"valueRequired\":true,\"valueName\":\"search_term_string\"}}],\"inLanguage\":\"zh-Hans\"},{\"@type\":\"Organization\",\"@id\":\"https:\/\/dinfante.com\/zh-hans\/#organization\",\"name\":\"Bodegas Infante\",\"url\":\"https:\/\/dinfante.com\/zh-hans\/\",\"logo\":{\"@type\":\"ImageObject\",\"inLanguage\":\"zh-Hans\",\"@id\":\"https:\/\/dinfante.com\/zh-hans\/#\/schema\/logo\/image\/\",\"url\":\"https:\/\/dinfante.com\/wp-content\/uploads\/2021\/04\/cabecera_tienda.jpg\",\"contentUrl\":\"https:\/\/dinfante.com\/wp-content\/uploads\/2021\/04\/cabecera_tienda.jpg\",\"width\":600,\"height\":151,\"caption\":\"Bodegas Infante\"},\"image\":{\"@id\":\"https:\/\/dinfante.com\/zh-hans\/#\/schema\/logo\/image\/\"}}]}<\/script>\n<!-- \/ Yoast SEO plugin. -->","yoast_head_json":{"title":"Elha \u4e09\u5206\u4e4b\u4e00\u00b7 2023 \u5e74\u4efd \u00b73 \u74f6\u88c5 - Bodegas Infante","description":"Elha \u4e09\u5206\u4e4b\u4e00\uff0c\u6765\u81ea\u591a\u5c3c\u4e9a\u7eb3\u7684\u6709\u673a\u7ea2\u8461\u8404\u9152\u3002\u53e3\u611f\u9187\u539a\uff0c\u7ed3\u6784\u7d27\u5b9e\uff0c\u5355\u5b81\u575a\u5b9e\uff0c\u5e26\u6709\u6210\u719f\u6c34\u679c\u7684\u5473\u9053\uff0c\u56de\u5473\u60a0\u957f\u67d4\u6ed1\u3002","robots":{"index":"index","follow":"follow","max-snippet":"max-snippet:-1","max-image-preview":"max-image-preview:large","max-video-preview":"max-video-preview:-1"},"canonical":"https:\/\/dinfante.com\/zh-hans\/producto\/elha-%e4%b8%89%e5%88%86%e4%b9%8b%e4%b8%80%c2%b7-2023-%e5%b9%b4%e4%bb%bd-%c2%b73-%e7%93%b6%e8%a3%85\/","og_locale":"zh_CN","og_type":"article","og_title":"Elha \u4e09\u5206\u4e4b\u4e00\u00b7 2023 \u5e74\u4efd \u00b73 \u74f6\u88c5 - Bodegas Infante","og_description":"Elha \u4e09\u5206\u4e4b\u4e00\uff0c\u6765\u81ea\u591a\u5c3c\u4e9a\u7eb3\u7684\u6709\u673a\u7ea2\u8461\u8404\u9152\u3002\u53e3\u611f\u9187\u539a\uff0c\u7ed3\u6784\u7d27\u5b9e\uff0c\u5355\u5b81\u575a\u5b9e\uff0c\u5e26\u6709\u6210\u719f\u6c34\u679c\u7684\u5473\u9053\uff0c\u56de\u5473\u60a0\u957f\u67d4\u6ed1\u3002","og_url":"https:\/\/dinfante.com\/zh-hans\/producto\/elha-%e4%b8%89%e5%88%86%e4%b9%8b%e4%b8%80%c2%b7-2023-%e5%b9%b4%e4%bb%bd-%c2%b73-%e7%93%b6%e8%a3%85\/","og_site_name":"Bodegas Infante","article_modified_time":"2026-01-22T15:21:55+00:00","og_image":[{"width":500,"height":828,"url":"https:\/\/dinfante.com\/wp-content\/uploads\/2021\/01\/prod-Tercio-Elha-2023.png","type":"image\/png"}],"twitter_card":"summary_large_image","twitter_misc":{"\u9884\u8ba1\u9605\u8bfb\u65f6\u95f4":"2 \u5206"},"schema":{"@context":"https:\/\/schema.org","@graph":[{"@type":"WebPage","@id":"https:\/\/dinfante.com\/zh-hans\/producto\/elha-%e4%b8%89%e5%88%86%e4%b9%8b%e4%b8%80%c2%b7-2023-%e5%b9%b4%e4%bb%bd-%c2%b73-%e7%93%b6%e8%a3%85\/","url":"https:\/\/dinfante.com\/zh-hans\/producto\/elha-%e4%b8%89%e5%88%86%e4%b9%8b%e4%b8%80%c2%b7-2023-%e5%b9%b4%e4%bb%bd-%c2%b73-%e7%93%b6%e8%a3%85\/","name":"Elha \u4e09\u5206\u4e4b\u4e00 \u00b7 2023 \u5e74\u4efd \u00b7 3 \u74f6\u88c5 - Bodegas Infante","isPartOf":{"@id":"https:\/\/dinfante.com\/zh-hans\/#website"},"primaryImageOfPage":{"@id":"https:\/\/dinfante.com\/zh-hans\/producto\/elha-%e4%b8%89%e5%88%86%e4%b9%8b%e4%b8%80%c2%b7-2023-%e5%b9%b4%e4%bb%bd-%c2%b73-%e7%93%b6%e8%a3%85\/#primaryimage"},"image":{"@id":"https:\/\/dinfante.com\/zh-hans\/producto\/elha-%e4%b8%89%e5%88%86%e4%b9%8b%e4%b8%80%c2%b7-2023-%e5%b9%b4%e4%bb%bd-%c2%b73-%e7%93%b6%e8%a3%85\/#primaryimage"},"thumbnailUrl":"https:\/\/dinfante.com\/wp-content\/uploads\/2021\/01\/prod-Tercio-Elha-2023.png","datePublished":"2021-01-19T17:40:04+00:00","dateModified":"2026-01-22T15:21:55+00:00","description":"Elha \u4e09\u5206\u4e4b\u4e00\uff0c\u6765\u81ea\u591a\u5c3c\u4e9a\u7eb3\u7684\u6709\u673a\u7ea2\u8461\u8404\u9152\u3002\u53e3\u611f\u9187\u539a\uff0c\u7ed3\u6784\u7d27\u5b9e\uff0c\u5355\u5b81\u575a\u5b9e\uff0c\u5e26\u6709\u6210\u719f\u6c34\u679c\u7684\u5473\u9053\uff0c\u56de\u5473\u60a0\u957f\u67d4\u6ed1\u3002","breadcrumb":{"@id":"https:\/\/dinfante.com\/zh-hans\/producto\/elha-%e4%b8%89%e5%88%86%e4%b9%8b%e4%b8%80%c2%b7-2023-%e5%b9%b4%e4%bb%bd-%c2%b73-%e7%93%b6%e8%a3%85\/#breadcrumb"},"inLanguage":"zh-Hans","potentialAction":[{"@type":"ReadAction","target":["https:\/\/dinfante.com\/zh-hans\/producto\/elha-%e4%b8%89%e5%88%86%e4%b9%8b%e4%b8%80%c2%b7-2023-%e5%b9%b4%e4%bb%bd-%c2%b73-%e7%93%b6%e8%a3%85\/"]}]},{"@type":"ImageObject","inLanguage":"zh-Hans","@id":"https:\/\/dinfante.com\/zh-hans\/producto\/elha-%e4%b8%89%e5%88%86%e4%b9%8b%e4%b8%80%c2%b7-2023-%e5%b9%b4%e4%bb%bd-%c2%b73-%e7%93%b6%e8%a3%85\/#primaryimage","url":"https:\/\/dinfante.com\/wp-content\/uploads\/2021\/01\/prod-Tercio-Elha-2023.png","contentUrl":"https:\/\/dinfante.com\/wp-content\/uploads\/2021\/01\/prod-Tercio-Elha-2023.png","width":500,"height":828,"caption":"Botella de vino tinto Tercio de Elha"},{"@type":"BreadcrumbList","@id":"https:\/\/dinfante.com\/zh-hans\/producto\/elha-%e4%b8%89%e5%88%86%e4%b9%8b%e4%b8%80%c2%b7-2023-%e5%b9%b4%e4%bb%bd-%c2%b73-%e7%93%b6%e8%a3%85\/#breadcrumb","itemListElement":[{"@type":"ListItem","position":1,"name":"Portada","item":"https:\/\/dinfante.com\/zh-hans\/"},{"@type":"ListItem","position":2,"name":"Tienda","item":"https:\/\/dinfante.com\/en\/shop\/"},{"@type":"ListItem","position":3,"name":"Elha \u4e09\u5206\u4e4b\u4e00\u00b7 2023 \u5e74\u4efd \u00b73 \u74f6\u88c5"}]},{"@type":"WebSite","@id":"https:\/\/dinfante.com\/zh-hans\/#website","url":"https:\/\/dinfante.com\/zh-hans\/","name":"Bodegas Infante","description":"Artesanos del Brandy y vinos","publisher":{"@id":"https:\/\/dinfante.com\/zh-hans\/#organization"},"potentialAction":[{"@type":"SearchAction","target":{"@type":"EntryPoint","urlTemplate":"https:\/\/dinfante.com\/zh-hans\/?s={search_term_string}"},"query-input":{"@type":"PropertyValueSpecification","valueRequired":true,"valueName":"search_term_string"}}],"inLanguage":"zh-Hans"},{"@type":"Organization","@id":"https:\/\/dinfante.com\/zh-hans\/#organization","name":"Bodegas Infante","url":"https:\/\/dinfante.com\/zh-hans\/","logo":{"@type":"ImageObject","inLanguage":"zh-Hans","@id":"https:\/\/dinfante.com\/zh-hans\/#\/schema\/logo\/image\/","url":"https:\/\/dinfante.com\/wp-content\/uploads\/2021\/04\/cabecera_tienda.jpg","contentUrl":"https:\/\/dinfante.com\/wp-content\/uploads\/2021\/04\/cabecera_tienda.jpg","width":600,"height":151,"caption":"Bodegas Infante"},"image":{"@id":"https:\/\/dinfante.com\/zh-hans\/#\/schema\/logo\/image\/"}}]}},"_links":{"self":[{"href":"https:\/\/dinfante.com\/zh-hans\/wp-json\/wp\/v2\/product\/3274","targetHints":{"allow":["GET"]}}],"collection":[{"href":"https:\/\/dinfante.com\/zh-hans\/wp-json\/wp\/v2\/product"}],"about":[{"href":"https:\/\/dinfante.com\/zh-hans\/wp-json\/wp\/v2\/types\/product"}],"wp:featuredmedia":[{"embeddable":true,"href":"https:\/\/dinfante.com\/zh-hans\/wp-json\/wp\/v2\/media\/3516"}],"wp:attachment":[{"href":"https:\/\/dinfante.com\/zh-hans\/wp-json\/wp\/v2\/media?parent=3274"}],"wp:term":[{"taxonomy":"product_brand","embeddable":true,"href":"https:\/\/dinfante.com\/zh-hans\/wp-json\/wp\/v2\/product_brand?post=3274"},{"taxonomy":"product_cat","embeddable":true,"href":"https:\/\/dinfante.com\/zh-hans\/wp-json\/wp\/v2\/product_cat?post=3274"},{"taxonomy":"product_tag","embeddable":true,"href":"https:\/\/dinfante.com\/zh-hans\/wp-json\/wp\/v2\/product_tag?post=3274"}],"curies":[{"name":"wp","href":"https:\/\/api.w.org\/{rel}","templated":true}]}}